{"id":75,"date":"2024-08-02T12:44:38","date_gmt":"2024-08-02T12:44:38","guid":{"rendered":"https:\/\/www.lesgrignnotes.be\/?page_id=75"},"modified":"2025-09-25T09:43:33","modified_gmt":"2025-09-25T09:43:33","slug":"qui-sommes-nous","status":"publish","type":"page","link":"https:\/\/www.lesgrignnotes.be\/index.php\/qui-sommes-nous\/","title":{"rendered":"Qui sommes nous?"},"content":{"rendered":"[et_pb_section fb_built=\u00a0\u00bb1&Prime; inner_shadow=\u00a0\u00bbon\u00a0\u00bb _builder_version=\u00a0\u00bb4.27.0&Prime; background_image=\u00a0\u00bbhttps:\/\/www.lesgrignnotes.be\/wp-content\/uploads\/2024\/08\/arriere-plan.jpg\u00a0\u00bb global_colors_info=\u00a0\u00bb{}\u00a0\u00bb][et_pb_row _builder_version=\u00a0\u00bb4.16&Prime; background_size=\u00a0\u00bbinitial\u00a0\u00bb background_position=\u00a0\u00bbtop_left\u00a0\u00bb background_repeat=\u00a0\u00bbrepeat\u00a0\u00bb global_colors_info=\u00a0\u00bb{}\u00a0\u00bb][et_pb_column type=\u00a0\u00bb4_4&Prime; _builder_version=\u00a0\u00bb4.16&Prime; custom_padding=\u00a0\u00bb|||\u00a0\u00bb global_colors_info=\u00a0\u00bb{}\u00a0\u00bb custom_padding__hover=\u00a0\u00bb|||\u00a0\u00bb][et_pb_post_title meta=\u00a0\u00bboff\u00a0\u00bb featured_image=\u00a0\u00bboff\u00a0\u00bb _builder_version=\u00a0\u00bb4.27.4&Prime; _module_preset=\u00a0\u00bbdefault\u00a0\u00bb title_font=\u00a0\u00bb|700|||||||\u00a0\u00bb hover_enabled=\u00a0\u00bb0&Prime; global_colors_info=\u00a0\u00bb{}\u00a0\u00bb sticky_enabled=\u00a0\u00bb0&Prime;][\/et_pb_post_title][et_pb_text _builder_version=\u00a0\u00bb4.27.4&Prime; text_font=\u00a0\u00bb|600|||||||\u00a0\u00bb text_text_color=\u00a0\u00bb#000000&Prime; text_font_size=\u00a0\u00bb16px\u00a0\u00bb background_size=\u00a0\u00bbinitial\u00a0\u00bb background_position=\u00a0\u00bbtop_left\u00a0\u00bb background_repeat=\u00a0\u00bbrepeat\u00a0\u00bb text_orientation=\u00a0\u00bbjustified\u00a0\u00bb custom_padding=\u00a0\u00bb20px|20px|20px|20px|false|false\u00a0\u00bb border_radii=\u00a0\u00bbon|10px|10px|10px|10px\u00a0\u00bb border_width_all=\u00a0\u00bb2px\u00a0\u00bb border_color_all=\u00a0\u00bb#a05500&Prime; box_shadow_style=\u00a0\u00bbpreset4&Prime; global_colors_info=\u00a0\u00bb{}\u00a0\u00bb]<p style=\"text-align: justify;\">En janvier 1991, \u00e0 l\u2019initiative des quelques jeunes parents de Bra-sur-Lienne d\u00e9sireux de donner des notions musicales \u00e0 leurs enfants, il a \u00e9t\u00e9 d\u00e9cid\u00e9 de cr\u00e9er un cours de solf\u00e8ge dans le village. Une jeune professeur fra\u00eechement \u00e9moulue du conservatoire de musique de Li\u00e8ge, Clairette Rausin, a accept\u00e9 de venir de Vis\u00e9 pour donner un premier cours de solf\u00e8ge \u00e0 26 \u00e9l\u00e8ves accompagn\u00e9 d\u2019un petit synth\u00e9tiseur rudimentaire.<\/p>\n<p style=\"text-align: justify;\">D\u00e8s le d\u00e9part ce projet a soulev\u00e9 un enthousiasme g\u00e9n\u00e9ral aussi bien de la part des parents que des \u00e9l\u00e8ves.<\/p>\n<p style=\"text-align: justify;\">En juin, un premier concert qui restera longtemps dans les m\u00e9moires fut donn\u00e9 par des artistes de grand talent comme le pianiste espagnol Javier Perez, afin de trouver les fonds n\u00e9cessaires \u00e0 l\u2019achat d\u2019un piano.<\/p>\n<p style=\"text-align: justify;\">\u00a0Suite \u00e0 ce concert l\u2019engouement pour la musique fut tel que la demande pour des cours d\u2019instrument nous conduisit \u00e0 rechercher des professeurs pour dispenser ces cours. Et c\u2019est gr\u00e2ce \u00e0 Clairette qui nous trouva des professeurs, que nous p\u00fbmes proposer, d\u00e8s la rentr\u00e9e de septembre 1991, des cours de piano, fl\u00fbte traversi\u00e8re, de violon et de guitare.<\/p>\n<p style=\"text-align: justify;\">\u00a0Vu le succ\u00e8s de ces cours, l\u2019\u00e9cole ouvrit une deuxi\u00e8me section \u00e0 Lierneux. C\u2019est cette ann\u00e9e-l\u00e0 que fut cr\u00e9\u00e9e l\u2019ASBL. \u00ab Les Grign\u2019Notes \u00bb<\/p>\n<p style=\"text-align: justify;\">\u00a0Au fil des ann\u00e9es vinrent s\u2019ajouter des cours de chant, de saxophone, de clarinette et m\u00eame un ensemble instrumental auxquels participent les \u00e9l\u00e8ves de notre \u00e9cole.<\/p>\n<p style=\"text-align: justify;\">La Commune de Lierneux nous soutient depuis le d\u00e9but en mettant \u00e0 notre disposition des locaux \u00e0 Lierneux, ensuite en 1994, l\u2019ancienne \u00e9cole communale \u00e0 Bra-sur-Lienne , ce qui permit \u00e0 celle-ci de retrouver une seconde jeunesse.<\/p>\n<p style=\"text-align: justify;\"><span>A l&rsquo;heure actuelle, les cours de piano, batterie, guitare, fl\u00fbte traversi\u00e8re, chant, violon, ukulele, \u00e9veil et formation musicale sont assur\u00e9s par des jeunes professeurs passionn\u00e9s qui aiment transmettre la musique.<\/span><\/p>\n<p><\/p>[\/et_pb_text][\/et_pb_column][\/et_pb_row][\/et_pb_section]","protected":false},"excerpt":{"rendered":"<p>En janvier 1991, \u00e0 l\u2019initiative des quelques jeunes parents de Bra-sur-Lienne d\u00e9sireux de donner des notions musicales \u00e0 leurs enfants, il a \u00e9t\u00e9 d\u00e9cid\u00e9 de cr\u00e9er un cours de solf\u00e8ge dans le village. Une jeune professeur fra\u00eechement \u00e9moulue du conservatoire de musique de Li\u00e8ge, Clairette Rausin, a accept\u00e9 de venir de Vis\u00e9 pour donner un [&hellip;]<\/p>\n","protected":false},"author":3,"featured_media":33,"parent":0,"menu_order":0,"comment_status":"closed","ping_status":"closed","template":"","meta":{"_et_pb_use_builder":"on","_et_pb_old_content":"<!-- wp:paragraph -->\r\n<p>En janvier 1991, \u00e0 l\u2019initiative des quelques jeunes parents de Bra-sur-Lienne d\u00e9sireux de donner des notions musicales \u00e0 leurs enfants, il a \u00e9t\u00e9 d\u00e9cid\u00e9 de cr\u00e9er un cours de solf\u00e8ge dans le village. Une jeune professeur fra\u00eechement \u00e9moulue du conservatoire de musique de Li\u00e8ge, Clairette Rausin, a accept\u00e9 de venir de Vis\u00e9 pour donner un premier cours de solf\u00e8ge \u00e0 26 \u00e9l\u00e8ves accompagn\u00e9 d\u2019un petit synth\u00e9tiseur rudimentaire.<\/p>\r\n<!-- \/wp:paragraph --><!-- wp:paragraph -->\r\n<p>D\u00e8s le d\u00e9part ce projet a soulev\u00e9 un enthousiasme g\u00e9n\u00e9ral aussi bien de la part des parents que des \u00e9l\u00e8ves.<\/p>\r\n<!-- \/wp:paragraph --><!-- wp:paragraph -->\r\n<p>En juin, un premier concert qui restera longtemps dans les m\u00e9moires fut donn\u00e9 par des artistes de grand talent comme le pianiste espagnol Javier Perez, afin de trouver les fonds n\u00e9cessaires \u00e0 l\u2019achat d\u2019un piano.<\/p>\r\n<!-- \/wp:paragraph -->\r\n<p>\u00a0<\/p>\r\n<!-- wp:paragraph -->\r\n<p>Suite \u00e0 ce concert l\u2019engouement pour la musique fut tel que la demande pour des cours d\u2019instrument nous conduisit \u00e0 rechercher des professeurs pour dispenser ces cours. Et c\u2019est gr\u00e2ce \u00e0 Clairette qui nous trouva des professeurs, que nous p\u00fbmes proposer, d\u00e8s la rentr\u00e9e de septembre 1991, des cours de piano, fl\u00fbte traversi\u00e8re, de violon et de guitare.<\/p>\r\n<!-- \/wp:paragraph -->\r\n<p>\u00a0<\/p>\r\n<!-- wp:paragraph -->\r\n<p>Vu le succ\u00e8s de ces cours, l\u2019\u00e9cole ouvrit une deuxi\u00e8me section \u00e0 Lierneux. C\u2019est cette ann\u00e9e-l\u00e0 que fut cr\u00e9\u00e9e l\u2019ASBL. \u00ab Les Grign\u2019Notes \u00bb<\/p>\r\n<!-- \/wp:paragraph -->\r\n<p>\u00a0<\/p>\r\n<!-- wp:paragraph -->\r\n<p>Au fil des ann\u00e9es vinrent s\u2019ajouter des cours de chant, de saxophone, de clarinette et m\u00eame un ensemble instrumental auxquels participent les \u00e9l\u00e8ves de notre \u00e9cole.<\/p>\r\n<!-- \/wp:paragraph -->\r\n<p>\u00a0<\/p>\r\n<!-- wp:paragraph -->\r\n<p>La Commune de Lierneux nous soutient depuis le d\u00e9but en mettant \u00e0 notre disposition des locaux \u00e0 Lierneux, ensuite en 1994, l\u2019ancienne \u00e9cole communale \u00e0 Bra-sur-Lienne , ce qui permit \u00e0 celle-ci de retrouver une seconde jeunesse.<\/p>\r\n<!-- \/wp:paragraph -->","_et_gb_content_width":"","footnotes":""},"class_list":["post-75","page","type-page","status-publish","has-post-thumbnail","hentry"],"_links":{"self":[{"href":"https:\/\/www.lesgrignnotes.be\/index.php\/wp-json\/wp\/v2\/pages\/75","targetHints":{"allow":["GET"]}}],"collection":[{"href":"https:\/\/www.lesgrignnotes.be\/index.php\/wp-json\/wp\/v2\/pages"}],"about":[{"href":"https:\/\/www.lesgrignnotes.be\/index.php\/wp-json\/wp\/v2\/types\/page"}],"author":[{"embeddable":true,"href":"https:\/\/www.lesgrignnotes.be\/index.php\/wp-json\/wp\/v2\/users\/3"}],"replies":[{"embeddable":true,"href":"https:\/\/www.lesgrignnotes.be\/index.php\/wp-json\/wp\/v2\/comments?post=75"}],"version-history":[{"count":12,"href":"https:\/\/www.lesgrignnotes.be\/index.php\/wp-json\/wp\/v2\/pages\/75\/revisions"}],"predecessor-version":[{"id":618,"href":"https:\/\/www.lesgrignnotes.be\/index.php\/wp-json\/wp\/v2\/pages\/75\/revisions\/618"}],"wp:featuredmedia":[{"embeddable":true,"href":"https:\/\/www.lesgrignnotes.be\/index.php\/wp-json\/wp\/v2\/media\/33"}],"wp:attachment":[{"href":"https:\/\/www.lesgrignnotes.be\/index.php\/wp-json\/wp\/v2\/media?parent=75"}],"curies":[{"name":"wp","href":"https:\/\/api.w.org\/{rel}","templated":true}]}}