{"id":341,"date":"2024-10-09T06:32:28","date_gmt":"2024-10-09T06:32:28","guid":{"rendered":"https:\/\/www.lesgrignnotes.be\/?page_id=341"},"modified":"2026-03-28T12:07:20","modified_gmt":"2026-03-28T12:07:20","slug":"le-comite","status":"publish","type":"page","link":"https:\/\/www.lesgrignnotes.be\/index.php\/le-comite\/","title":{"rendered":"Le comit\u00e9"},"content":{"rendered":"<p>[et_pb_section fb_built=\u00a0\u00bb1&Prime; _builder_version=\u00a0\u00bb4.27.2&Prime; background_image=\u00a0\u00bbhttps:\/\/www.lesgrignnotes.be\/wp-content\/uploads\/2024\/08\/arriere-plan.jpg\u00a0\u00bb global_colors_info=\u00a0\u00bb{}\u00a0\u00bb][et_pb_row _builder_version=\u00a0\u00bb4.27.4&Prime; _module_preset=\u00a0\u00bbdefault\u00a0\u00bb global_colors_info=\u00a0\u00bb{}\u00a0\u00bb][et_pb_column type=\u00a0\u00bb4_4&Prime; _builder_version=\u00a0\u00bb4.27.4&Prime; _module_preset=\u00a0\u00bbdefault\u00a0\u00bb global_colors_info=\u00a0\u00bb{}\u00a0\u00bb][et_pb_text _builder_version=\u00a0\u00bb4.27.5&Prime; _module_preset=\u00a0\u00bbdefault\u00a0\u00bb text_font=\u00a0\u00bb|600|||||||\u00a0\u00bb global_colors_info=\u00a0\u00bb{}\u00a0\u00bb]<\/p>\n<h1><strong>Le comit\u00e9<\/strong><\/h1>\n<p>[\/et_pb_text][et_pb_tabs active_tab_background_color=\u00a0\u00bb#E09900&Prime; inactive_tab_background_color=\u00a0\u00bb#e0d5be\u00a0\u00bb _builder_version=\u00a0\u00bb4.27.5&Prime; _module_preset=\u00a0\u00bbdefault\u00a0\u00bb tab_font=\u00a0\u00bb|600|||||||\u00a0\u00bb max_width=\u00a0\u00bb100%\u00a0\u00bb custom_margin=\u00a0\u00bb|||200px|false|false\u00a0\u00bb border_radii=\u00a0\u00bbon|10px|10px|10px|10px\u00a0\u00bb border_width_all=\u00a0\u00bb2px\u00a0\u00bb border_color_all=\u00a0\u00bb#af1a00&Prime; box_shadow_style=\u00a0\u00bbpreset2&Prime; box_shadow_horizontal=\u00a0\u00bb10px\u00a0\u00bb box_shadow_vertical=\u00a0\u00bb10px\u00a0\u00bb locked=\u00a0\u00bboff\u00a0\u00bb global_colors_info=\u00a0\u00bb{}\u00a0\u00bb][et_pb_tab title=\u00a0\u00bbJacques GENNEN\u00a0\u00bb _builder_version=\u00a0\u00bb4.27.5&Prime; _module_preset=\u00a0\u00bbdefault\u00a0\u00bb global_colors_info=\u00a0\u00bb{}\u00a0\u00bb]<\/p>\n<p>&nbsp;<\/p>\n<table border=\"1\" style=\"border-collapse: collapse; width: 100%;\">\n<tbody>\n<tr>\n<td style=\"width: 50%;\"><img loading=\"lazy\" decoding=\"async\" src=\"https:\/\/www.lesgrignnotes.be\/wp-content\/uploads\/2026\/03\/jacques-281x300.jpg\" width=\"281\" height=\"300\" alt=\"\" class=\"wp-image-764 alignnone size-medium\" \/><\/td>\n<td style=\"width: 50%;\">\n<p>Pr\u00e9sident de l&rsquo;\u00e9cole<\/p>\n<p>Tel : <span>0495 12 66 90<\/span><\/p>\n<p>grignnotesecole@gmail.com<\/p>\n<\/td>\n<\/tr>\n<\/tbody>\n<\/table>\n<p>[\/et_pb_tab][et_pb_tab title=\u00a0\u00bbFanfy NAVEAU\u00a0\u00bb _builder_version=\u00a0\u00bb4.27.5&Prime; _module_preset=\u00a0\u00bbdefault\u00a0\u00bb global_colors_info=\u00a0\u00bb{}\u00a0\u00bb]<\/p>\n<p>&nbsp;<\/p>\n<div class=\"wqOuQ\" jscontroller=\"nKuFpb\" jsaction=\"click:cOuCgd; mousedown:UX7yZ; mouseup:lbsD7e; mouseenter:tfO1Yc; mouseleave:JywGue; touchstart:p6p2H; touchmove:FwuNnf; touchend:yfqBxc; touchcancel:JMtRjd; focus:AHmuwe; blur:O22p3e; contextmenu:mg9Pef\">\n<div class=\"ne2Ple-oshW8e-V67aGc\" role=\"tooltip\" aria-hidden=\"true\" id=\"ttid-c2513\">\n<table border=\"1\" style=\"border-collapse: collapse; width: 100%;\">\n<tbody>\n<tr>\n<td style=\"width: 50%;\"><img loading=\"lazy\" decoding=\"async\" src=\"https:\/\/www.lesgrignnotes.be\/wp-content\/uploads\/2024\/08\/20240630_173122-135x300.jpg\" width=\"135\" height=\"300\" alt=\"\" class=\"wp-image-252 alignnone size-medium\" \/><\/td>\n<td style=\"width: 50%;\">\n<p>Secr\u00e9taire<\/p>\n<p>Tel : <span data-is-tooltip-wrapper=\"true\" class=\"c0P5Q\">0475 20 69 67<\/span><\/p>\n<p><span data-is-tooltip-wrapper=\"true\" class=\"c0P5Q\">grignnotesecole@gmail.com<\/span><\/p>\n<\/td>\n<\/tr>\n<\/tbody>\n<\/table>\n<\/div>\n<\/div>\n<p>&nbsp;<\/p>\n<p>[\/et_pb_tab][et_pb_tab title=\u00a0\u00bbJanine TOURBACH\u00a0\u00bb _builder_version=\u00a0\u00bb4.27.5&Prime; _module_preset=\u00a0\u00bbdefault\u00a0\u00bb global_colors_info=\u00a0\u00bb{}\u00a0\u00bb]<\/p>\n<p>Tr\u00e9sori\u00e8re<\/p>\n<p>Tel : 0496 65 83 93<\/p>\n<p>grignnotesecole@gmail.com<\/p>\n<p>[\/et_pb_tab][et_pb_tab title=\u00a0\u00bbLuc DETHIER\u00a0\u00bb _builder_version=\u00a0\u00bb4.27.5&Prime; _module_preset=\u00a0\u00bbdefault\u00a0\u00bb global_colors_info=\u00a0\u00bb{}\u00a0\u00bb]<\/p>\n<table border=\"1\" style=\"border-collapse: collapse; width: 100%;\">\n<tbody>\n<tr>\n<td style=\"width: 50%;\"><img loading=\"lazy\" decoding=\"async\" src=\"https:\/\/www.lesgrignnotes.be\/wp-content\/uploads\/2025\/06\/468563596_10235265861416102_3700385269541759111_n-227x300.jpg\" width=\"227\" height=\"300\" alt=\"\" class=\"wp-image-530 alignnone size-medium\" style=\"display: block; margin-left: auto; margin-right: auto;\" \/><\/td>\n<td style=\"width: 50%;\">\n<p><strong>Contacts &#8211; Inscriptions diverses<\/strong><\/p>\n<p>Tel : <span data-is-tooltip-wrapper=\"true\" class=\"c0P5Q\">0472 13 85 38<\/span><\/p>\n<p>grignnotesecole@gmail.com<\/p>\n<\/td>\n<\/tr>\n<\/tbody>\n<\/table>\n<p>&nbsp;<\/p>\n<p>[\/et_pb_tab][et_pb_tab title=\u00a0\u00bbBrigitte BORBOUX\u00a0\u00bb _builder_version=\u00a0\u00bb4.27.5&Prime; _module_preset=\u00a0\u00bbdefault\u00a0\u00bb global_colors_info=\u00a0\u00bb{}\u00a0\u00bb]<\/p>\n<p>&nbsp;<\/p>\n<table border=\"1\" style=\"border-collapse: collapse; width: 100%;\">\n<tbody>\n<tr>\n<td style=\"width: 50%;\"><img loading=\"lazy\" decoding=\"async\" src=\"https:\/\/www.lesgrignnotes.be\/wp-content\/uploads\/2026\/03\/483064182_10236149179128617_1880731903185014464_n-300x199.jpg\" width=\"300\" height=\"199\" alt=\"\" class=\"wp-image-773 alignnone size-medium\" \/><\/td>\n<td style=\"width: 50%;\">\n<p>Subsides<\/p>\n<p>Tel : <span>0479 42 67 89<\/span><\/p>\n<p><span><a href=\"mailto:grignnotesecole@gmail.com\">grignnotesecole@gmail.com<\/a><\/span><\/p>\n<\/td>\n<\/tr>\n<\/tbody>\n<\/table>\n<p>[\/et_pb_tab][et_pb_tab title=\u00a0\u00bbIlse OVERATH\u00a0\u00bb _builder_version=\u00a0\u00bb4.27.5&Prime; _module_preset=\u00a0\u00bbdefault\u00a0\u00bb global_colors_info=\u00a0\u00bb{}\u00a0\u00bb]<\/p>\n<p>Communication &#8211; IT<\/p>\n<p>Tel : 0491 22 61 81<\/p>\n<p>grignnotesecole@gmail.com<\/p>\n<p>[\/et_pb_tab][et_pb_tab title=\u00a0\u00bbJean-Luc LEONARD\u00a0\u00bb _builder_version=\u00a0\u00bb4.27.5&Prime; _module_preset=\u00a0\u00bbdefault\u00a0\u00bb global_colors_info=\u00a0\u00bb{}\u00a0\u00bb]<\/p>\n<table border=\"1\" style=\"border-collapse: collapse; width: 100%;\">\n<tbody>\n<tr>\n<td style=\"width: 50%; text-align: center;\"><img loading=\"lazy\" decoding=\"async\" src=\"https:\/\/www.lesgrignnotes.be\/wp-content\/uploads\/2025\/06\/JLL-265x300.png\" width=\"265\" height=\"300\" alt=\"\" class=\"wp-image-534 alignnone size-medium\" \/><\/td>\n<td style=\"width: 50%;\">\n<p>Tel : 0496.86.46.47<\/p>\n<p>grignnotesecole@gmail.com<\/p>\n<\/td>\n<\/tr>\n<\/tbody>\n<\/table>\n<p>&nbsp;<\/p>\n<p>[\/et_pb_tab][et_pb_tab title=\u00a0\u00bbAngelo RAIMONDI\u00a0\u00bb _builder_version=\u00a0\u00bb4.27.5&Prime; _module_preset=\u00a0\u00bbdefault\u00a0\u00bb global_colors_info=\u00a0\u00bb{}\u00a0\u00bb]<\/p>\n<table border=\"1\" style=\"border-collapse: collapse; width: 100%;\">\n<tbody>\n<tr>\n<td style=\"width: 50%;\"><img loading=\"lazy\" decoding=\"async\" src=\"https:\/\/www.lesgrignnotes.be\/wp-content\/uploads\/2025\/09\/angelo-257x300.jpg\" width=\"257\" height=\"300\" alt=\"\" class=\"wp-image-601 alignnone size-medium\" \/><\/td>\n<td style=\"width: 50%;\">\n<p>Repr\u00e9sentant des professeurs<\/p>\n<p>Tel : +39.346.835.9007<\/p>\n<p>grignnotesecole@gmail.com<\/p>\n<\/td>\n<\/tr>\n<\/tbody>\n<\/table>\n<p>&nbsp;<\/p>\n<p>[\/et_pb_tab][et_pb_tab title=\u00a0\u00bbDenis GABRIEL\u00a0\u00bb _builder_version=\u00a0\u00bb4.27.5&Prime; _module_preset=\u00a0\u00bbdefault\u00a0\u00bb global_colors_info=\u00a0\u00bb{}\u00a0\u00bb]<\/p>\n<p>&nbsp;<\/p>\n<table border=\"1\" style=\"border-collapse: collapse; width: 100%;\">\n<tbody>\n<tr>\n<td style=\"width: 50%;\"><img loading=\"lazy\" decoding=\"async\" src=\"https:\/\/www.lesgrignnotes.be\/wp-content\/uploads\/2025\/06\/IMG_7369a-300x195.jpg\" width=\"300\" height=\"195\" alt=\"\" class=\"wp-image-537 alignnone size-medium\" \/><\/td>\n<td style=\"width: 50%;\">\n<p>Tel : 0498.54.24.83<\/p>\n<p><span>grignnotesecole@gmail.com<\/span><\/p>\n<\/td>\n<\/tr>\n<\/tbody>\n<\/table>\n<p>&nbsp;<\/p>\n<p>[\/et_pb_tab][\/et_pb_tabs][et_pb_text _builder_version=\u00a0\u00bb4.27.5&Prime; _module_preset=\u00a0\u00bbdefault\u00a0\u00bb text_font=\u00a0\u00bb|600|||||||\u00a0\u00bb global_colors_info=\u00a0\u00bb{}\u00a0\u00bb]<\/p>\n<h1><strong>Le si\u00e8ge social<\/strong><\/h1>\n<p>Ecole de musique Les Grign&rsquo;notes asbl<\/p>\n<p>La Falize 29<\/p>\n<p>4990 Lierneux<\/p>\n<p>BE 0446.267.702<\/p>\n<p>[\/et_pb_text][\/et_pb_column][\/et_pb_row][\/et_pb_section]<\/p>\n","protected":false},"excerpt":{"rendered":"<p>Le comit\u00e9&nbsp; Pr\u00e9sident de l&rsquo;\u00e9cole Tel : 0495 12 66 90 grignnotesecole@gmail.com &nbsp; Secr\u00e9taire Tel : 0475 20 69 67 grignnotesecole@gmail.com &nbsp;Tr\u00e9sori\u00e8re Tel : 0496 65 83 93 grignnotesecole@gmail.com Contacts &#8211; Inscriptions diverses Tel : 0472 13 85 38 grignnotesecole@gmail.com &nbsp;&nbsp; Subsides Tel : 0479 42 67 89 grignnotesecole@gmail.com Communication &#8211; IT Tel : 0491 [&hellip;]<\/p>\n","protected":false},"author":3,"featured_media":0,"parent":0,"menu_order":0,"comment_status":"closed","ping_status":"closed","template":"","meta":{"_et_pb_use_builder":"on","_et_pb_old_content":"<!-- wp:gravityforms\/form {\"formId\":\"2\"} \/-->","_et_gb_content_width":"","footnotes":""},"class_list":["post-341","page","type-page","status-publish","hentry"],"_links":{"self":[{"href":"https:\/\/www.lesgrignnotes.be\/index.php\/wp-json\/wp\/v2\/pages\/341","targetHints":{"allow":["GET"]}}],"collection":[{"href":"https:\/\/www.lesgrignnotes.be\/index.php\/wp-json\/wp\/v2\/pages"}],"about":[{"href":"https:\/\/www.lesgrignnotes.be\/index.php\/wp-json\/wp\/v2\/types\/page"}],"author":[{"embeddable":true,"href":"https:\/\/www.lesgrignnotes.be\/index.php\/wp-json\/wp\/v2\/users\/3"}],"replies":[{"embeddable":true,"href":"https:\/\/www.lesgrignnotes.be\/index.php\/wp-json\/wp\/v2\/comments?post=341"}],"version-history":[{"count":30,"href":"https:\/\/www.lesgrignnotes.be\/index.php\/wp-json\/wp\/v2\/pages\/341\/revisions"}],"predecessor-version":[{"id":811,"href":"https:\/\/www.lesgrignnotes.be\/index.php\/wp-json\/wp\/v2\/pages\/341\/revisions\/811"}],"wp:attachment":[{"href":"https:\/\/www.lesgrignnotes.be\/index.php\/wp-json\/wp\/v2\/media?parent=341"}],"curies":[{"name":"wp","href":"https:\/\/api.w.org\/{rel}","templated":true}]}}