{"id":295,"date":"2024-09-13T04:05:37","date_gmt":"2024-09-13T04:05:37","guid":{"rendered":"https:\/\/www.lesgrignnotes.be\/?page_id=295"},"modified":"2025-06-10T13:41:25","modified_gmt":"2025-06-10T13:41:25","slug":"roi-rgdp-droit-a-limage","status":"publish","type":"page","link":"https:\/\/www.lesgrignnotes.be\/index.php\/roi-rgdp-droit-a-limage\/","title":{"rendered":"ROI &#8211; RGDP &#8211; Droit \u00e0 l&rsquo;image"},"content":{"rendered":"<p>[et_pb_section fb_built=\u00a0\u00bb1&Prime; _builder_version=\u00a0\u00bb4.16&Prime; global_colors_info=\u00a0\u00bb{}\u00a0\u00bb][et_pb_row _builder_version=\u00a0\u00bb4.16&Prime; background_size=\u00a0\u00bbinitial\u00a0\u00bb background_position=\u00a0\u00bbtop_left\u00a0\u00bb background_repeat=\u00a0\u00bbrepeat\u00a0\u00bb global_colors_info=\u00a0\u00bb{}\u00a0\u00bb][et_pb_column type=\u00a0\u00bb4_4&Prime; _builder_version=\u00a0\u00bb4.16&Prime; custom_padding=\u00a0\u00bb|||\u00a0\u00bb global_colors_info=\u00a0\u00bb{}\u00a0\u00bb custom_padding__hover=\u00a0\u00bb|||\u00a0\u00bb][et_pb_post_title meta=\u00a0\u00bboff\u00a0\u00bb featured_image=\u00a0\u00bboff\u00a0\u00bb _builder_version=\u00a0\u00bb4.27.0&Prime; _module_preset=\u00a0\u00bbdefault\u00a0\u00bb global_colors_info=\u00a0\u00bb{}\u00a0\u00bb][\/et_pb_post_title][et_pb_text _builder_version=\u00a0\u00bb4.27.4&Prime; background_size=\u00a0\u00bbinitial\u00a0\u00bb background_position=\u00a0\u00bbtop_left\u00a0\u00bb background_repeat=\u00a0\u00bbrepeat\u00a0\u00bb hover_enabled=\u00a0\u00bb0&Prime; global_colors_info=\u00a0\u00bb{}\u00a0\u00bb sticky_enabled=\u00a0\u00bb0&Prime;]<\/p>\n<p><a href=\"https:\/\/www.lesgrignnotes.be\/wp-content\/uploads\/2025\/06\/ROI-v2.0-10062025.pdf\" rel=\"attachment wp-att-572\">ROI v2.0 10062025<\/a><\/p>\n<p>[\/et_pb_text][\/et_pb_column][\/et_pb_row][et_pb_row _builder_version=\u00a0\u00bb4.27.0&Prime; _module_preset=\u00a0\u00bbdefault\u00a0\u00bb global_colors_info=\u00a0\u00bb{}\u00a0\u00bb][et_pb_column type=\u00a0\u00bb4_4&Prime; _builder_version=\u00a0\u00bb4.27.0&Prime; _module_preset=\u00a0\u00bbdefault\u00a0\u00bb global_colors_info=\u00a0\u00bb{}\u00a0\u00bb][et_pb_text _builder_version=\u00a0\u00bb4.27.0&Prime; _module_preset=\u00a0\u00bbdefault\u00a0\u00bb global_colors_info=\u00a0\u00bb{}\u00a0\u00bb]<\/p>\n<p style=\"text-align: justify;\">\u00a0L\u2019\u00e9cole\u00a0 de musique est situ\u00e9e \u00e0\u00a0 Bra sur Lienne n\u00b0 78, Lierneux.<\/p>\n<p style=\"text-align: justify;\">Elle est affili\u00e9e \u00e0 la F\u00e9d\u00e9ration Musicale\u00a0 de la Province de Li\u00e8ge et est reconnue comme Centre d\u2019Expression et de Cr\u00e9ativit\u00e9.<\/p>\n<p style=\"text-align: justify;\"><strong>\u00a01. <\/strong><span style=\"font-size: 14px;\">ADMISSION<\/span><\/p>\n<p style=\"text-align: justify;\">Article 1<\/p>\n<p style=\"text-align: justify;\">Les cours d\u2019\u00e9veil musical\u00a0 sont ouverts aux enfants \u00e0 partir de 5 ans et\u00a0 ont une dur\u00e9e de 30 mn hebdomadaire, ils accueillent au maximum 10 enfants par groupe.<\/p>\n<p style=\"text-align: justify;\">\n<p style=\"text-align: justify;\">Article 2<\/p>\n<p style=\"text-align: justify;\">Les cours particuliers \u00a0d\u2019instruments et collectifs (formation musicale) sont ouverts \u00e0 tout enfant \u00e0 partir de 6 ans (ou entrant dans le 1<sup>er<\/sup> cycle primaire) Toutefois, selon l\u2019instrument et les aptitudes morphologiques de l\u2019enfant, il peut \u00eatre avanc\u00e9 ou retard\u00e9 suivant l\u2019avis du professeur.<\/p>\n<p style=\"text-align: justify;\">Le cours de formation musicale\u00a0 de 1<sup>\u00e8re<\/sup>\u00a0 ann\u00e9e a une dur\u00e9e de 60 mn. Les cours de formation musicale de 2,3,4, et 5\u00e8me ann\u00e9e \u00a0ont une\u00a0 dur\u00e9e de 90 mn. Les cours d\u2019instrument\u00a0 ont une dur\u00e9e de 30 mn.<\/p>\n<p style=\"text-align: justify;\">\n<p style=\"text-align: justify;\">Article 3<\/p>\n<p style=\"text-align: justify;\">Les cours de formation musicale\u00a0 sont fortement recommand\u00e9s pour les instruments classiques et la \u00a0batterie.<\/p>\n<p style=\"text-align: justify;\"><span style=\"font-size: 14px;\">Article 4<\/span><\/p>\n<p style=\"text-align: justify;\">Les admissions ont lieu en fonction des places disponibles.<\/p>\n<p style=\"text-align: justify;\">Chaque ann\u00e9e une journ\u00e9e \u00ab\u00a0Portes Ouvertes\u00a0\u00bb est organis\u00e9e\u00a0 en pr\u00e9sence des professeurs, permettant ainsi aux anciens de se r\u00e9inscrire et aux nouveaux venus\u00a0 de se familiariser \u00e0 l\u2019instrument et de faire un bon choix.<\/p>\n<p style=\"text-align: justify;\">Cette journ\u00e9e a lieu le 1<sup>er<\/sup> week-end suivant la rentr\u00e9e scolaire.<\/p>\n<p style=\"text-align: justify;\">En cas de liste d\u2019attente, l\u2019ordre des inscriptions \u00e0 l\u2019\u00e9cole\u00a0 de musique suivra l\u2019ordre chronologique d\u2019inscriptions sur la liste d\u2019attente.<\/p>\n<p style=\"text-align: justify;\">\n<p style=\"text-align: justify;\">Article 5<\/p>\n<p style=\"text-align: justify;\">L\u2019\u00e9cole\u00a0 de musique peut, \u00e0 la demande de parents, donner en location \u00a0un instrument\u00a0pour l\u2019apprentissage des disciplines suivantes : \u00a0violon, Yukul\u00e9l\u00e9 \u00a0et guitare. Ceci pour une dur\u00e9e \u00e0 d\u00e9terminer sur convention et en fonction de la disponibilit\u00e9 du parc d\u2019instrument. Durant cette p\u00e9riode, la famille reste responsable de l\u2019instrument, s\u2019engage \u00e0 l\u2019entretenir et \u00e0 le restituer dans l\u2019\u00e9tat ou il lui a \u00e9t\u00e9 confi\u00e9.<\/p>\n<p style=\"text-align: justify;\">\n<ol start=\"2\" style=\"text-align: justify;\">\n<li>ORGANISATION PEDAGOGIQUE<\/li>\n<\/ol>\n<p style=\"text-align: justify;\">Article 6<\/p>\n<p style=\"text-align: justify;\">L\u2019ann\u00e9e scolaire commence la premi\u00e8re semaine de septembre et se termine \u00e0 la fin du mois de juin \u00e0 raison de 30 cours .<\/p>\n<p style=\"text-align: justify;\">Elle suit le calendrier des vacances scolaires. Si un cours co\u00efncide avec le jour d\u2019une f\u00eate l\u00e9gale, il n\u2019est pas remis \u00e0 une autre date.<\/p>\n<p style=\"text-align: justify;\">Les auditions \u00a0organis\u00e9es par l\u2019\u00e9cole soit en interne soit en externe sont obligatoires pour les \u00e9l\u00e8ves et pour les professeurs dont les \u00e9l\u00e8ves font partie du r\u00e9pertoire.<\/p>\n<p style=\"text-align: justify;\">\n<p style=\"text-align: justify;\">Les professeurs sont tenus obligatoirement d\u2019assister\u00a0 chaque ann\u00e9e aux r\u00e9unions pr\u00e9vues par le Comit\u00e9. Celles-ci seront fix\u00e9es \u00e0 la r\u00e9union de pr\u00e9paration de la Journ\u00e9e Portes Ouvertes d\u00e9but septembre. \u00a0<\/p>\n<p style=\"text-align: justify;\">\n<p style=\"text-align: justify;\">Article 8<\/p>\n<p style=\"text-align: justify;\">En cas d\u2019absence du professeur, le cours sera remplac\u00e9 \u00e0 une date propos\u00e9e \u00a0par celui-ci en accord avec l\u2019\u00e9l\u00e8ve et ses parents.<\/p>\n<p style=\"text-align: justify;\">En cas d\u2019absence de l\u2019\u00e9l\u00e8ve le professeur n\u2019est pas tenu de remplacer le cours.<\/p>\n<p style=\"text-align: justify;\">En cas d\u2019absence prolong\u00e9e ou momentan\u00e9e \u00a0d\u2019un professeur, pour cause de maladie ou d\u2019une formation continue ou d\u2019un engagement musical \u00e0 l\u2019ext\u00e9rieur celui-ci est tenu de trouver son rempla\u00e7ant.<\/p>\n<p style=\"text-align: justify;\">\n<ol start=\"3\" style=\"text-align: justify;\">\n<li>COTISATION<\/li>\n<\/ol>\n<p style=\"text-align: justify;\">Article 9<\/p>\n<p style=\"text-align: justify;\">\n<p style=\"text-align: justify;\">Les \u00e9l\u00e8ves doivent s\u2019acquitter du paiement des cotisations au d\u00e9but de chacun des trois trimestres scolaires. Des facilit\u00e9s de paiement, peuvent \u00eatre accord\u00e9es.<\/p>\n<p style=\"text-align: justify;\">La cotisation devient exigible \u00e0 partir du jour ou l\u2019\u00e9l\u00e8ve \u00a0a rentr\u00e9 son bulletin d\u2019inscription \u00e0 l\u2019administration de l\u2019\u00e9cole de musique.<\/p>\n<p style=\"text-align: justify;\">Tout ann\u00e9e commenc\u00e9e est d\u00fbe en entier, sauf cas exceptionnel.<\/p>\n<p style=\"text-align: justify;\">Les cotisations sont payables\u00a0:<\/p>\n<ul style=\"text-align: justify;\">\n<li>pour le 1<sup>er<\/sup> trimestre le 31 octobre<\/li>\n<li>pour le 2<sup>\u00e8me<\/sup> trimestre le 3 janvier<\/li>\n<li>pour le 1<sup>\u00e8me<\/sup> trimestre le 30 avril<\/li>\n<\/ul>\n<p style=\"text-align: justify;\">La r\u00e9inscription des \u00e9l\u00e8ves \u00e0 la rentr\u00e9e n\u2019est possible que si la famille est \u00e0 jour des cotisations de l\u2019ann\u00e9e scolaire pr\u00e9c\u00e9dente.\u00a0 Une r\u00e9duction de 10 \u20ac sera accord\u00e9e \u00e0 partir du 2<sup>\u00e8me <\/sup>enfant inscrit \u00e0 l\u2019\u00e9cole de musique<strong>, <\/strong>et 20\u20ac sur le montant total des autres membres de la fratrie.\u00a0\u00a0\u00a0\u00a0\u00a0\u00a0\u00a0\u00a0\u00a0\u00a0\u00a0\u00a0\u00a0\u00a0\u00a0\u00a0\u00a0\u00a0\u00a0\u00a0\u00a0\u00a0\u00a0\u00a0\u00a0\u00a0\u00a0\u00a0\u00a0\u00a0\u00a0\u00a0\u00a0\u00a0\u00a0\u00a0\u00a0\u00a0\u00a0\u00a0\u00a0\u00a0\u00a0\u00a0\u00a0\u00a0\u00a0\u00a0\u00a0\u00a0\u00a0\u00a0\u00a0\u00a0\u00a0\u00a0\u00a0\u00a0\u00a0\u00a0\u00a0\u00a0\u00a0\u00a0\u00a0\u00a0\u00a0\u00a0\u00a0\u00a0\u00a0\u00a0\u00a0\u00a0\u00a0\u00a0\u00a0\u00a0\u00a0\u00a0\u00a0\u00a0\u00a0\u00a0\u00a0\u00a0\u00a0\u00a0\u00a0\u00a0\u00a0\u00a0\u00a0\u00a0\u00a0\u00a0\u00a0\u00a0\u00a0\u00a0\u00a0\u00a0\u00a0\u00a0\u00a0\u00a0\u00a0\u00a0\u00a0\u00a0\u00a0\u00a0\u00a0\u00a0\u00a0\u00a0\u00a0\u00a0\u00a0\u00a0\u00a0\u00a0\u00a0\u00a0\u00a0\u00a0\u00a0\u00a0\u00a0\u00a0\u00a0\u00a0\u00a0\u00a0\u00a0<\/p>\n<p style=\"text-align: justify;\">L\u2019inscription\u00a0 aux cours de musique engage l\u2019\u00e9l\u00e8ve pour l\u2019ann\u00e9e scolaire compl\u00e8te.\u00a0 Les cours ne seront en aucun cas rembours\u00e9s, sauf en cas exceptionnel.<\/p>\n<p style=\"text-align: justify;\">\n<p style=\"text-align: justify;\">Article 10<\/p>\n<p style=\"text-align: justify;\">Tout manquement de respect tant par la tenue que par le langage ou l\u2019attitude envers les professeurs ou toute autre personne fr\u00e9quentant les cours de l\u2019\u00e9cole\u00a0 de musique, sera sanctionn\u00e9. La d\u00e9gradation des locaux entra\u00eenera des sanctions pouvant aller jusqu\u2019au renvoi.\u00a0Les professeurs ne sont pas responsables des \u00e9l\u00e8ves en dehors des cours.<\/p>\n<p style=\"text-align: justify;\">En particulier, les jeunes enfants des cours d\u2019\u00e9veil musical doivent \u00eatre accompagn\u00e9s et attendus par leurs parents et\/ou un adulte \u00a0\u00e0 l\u2019heure exacte de d\u00e9but et de fin des cours.<\/p>\n<p style=\"text-align: justify;\">L\u2019\u00e9quipe p\u00e9dagogique est plac\u00e9e sous l\u2019autorit\u00e9 directe de la (du) directrice(eur). Toute d\u00e9cision contraire au pr\u00e9sent r\u00e8glement doit lui \u00eatre propos\u00e9e avant d\u2019\u00eatre appliqu\u00e9e.<\/p>\n<p style=\"text-align: justify;\">Article 11<\/p>\n<p style=\"text-align: justify;\">Les \u00e9l\u00e8ves sont tenus, sur demande du professeur ou de la (du) directrice(eur), de pr\u00eater leur concours aux manifestations organis\u00e9es par l\u2019\u00e9cole\u00a0 de musique.<\/p>\n<p style=\"text-align: justify;\">Article 12<\/p>\n<p style=\"text-align: justify;\">L&rsquo;Ecole de Musique peut \u00eatre amen\u00e9e \u00e0 diffuser des photos d&rsquo;\u00e9l\u00e8ves prises lors d&rsquo;auditions ou de manifestations de l&rsquo;Ecole. Ceci pour promouvoir les activit\u00e9s musicales, concerts, auditions, stages, etc.. Ces photos \u00a0peuvent donc appara\u00eetre sur des affiches, plaquettes, bulletins d&rsquo;informations, r\u00e9seaux sociaux.<\/p>\n<p style=\"text-align: justify;\">Les parents ne souhaitant pas voir appara\u00eetre la ou les photos de leur(s) enfant(s) sont pri\u00e9s de le faire savoir par mail envoy\u00e9 au secr\u00e9tariat de l\u2019Ecole grignnogtesecole@gmail.com.<\/p>\n<p style=\"text-align: justify;\">\n<p style=\"text-align: justify;\">Article 13<\/p>\n<p style=\"text-align: justify;\">Les cours ne sont pas publics. Toutefois, la pr\u00e9sence d\u2019un parent peut \u00eatre demand\u00e9e par le professeur \u00a0ou par \u00a0les parents pour l\u2019encadrement et le soutien d\u2019un jeune \u00e9l\u00e8ve.<\/p>\n<p style=\"text-align: justify;\">\n<p style=\"text-align: justify;\">Article 14<\/p>\n<p style=\"text-align: justify;\">Il est interdit de fumer dans les locaux. L&rsquo;utilisation du t\u00e9l\u00e9phone portable est interdite durant les cours sauf cas particulier.<\/p>\n<p style=\"text-align: justify;\">Article 15<\/p>\n<p style=\"text-align: justify;\">Les animaux ne sont pas admis dans les locaux sauf cas particulier.<\/p>\n<p style=\"text-align: justify;\">\n<p style=\"text-align: justify;\">Article 16<\/p>\n<p style=\"text-align: justify;\">L\u2019inscription \u00e0 l\u2019\u00e9cole\u00a0 de musique implique l\u2019adh\u00e9sion au pr\u00e9sent r\u00e8glement.<\/p>\n<p style=\"text-align: justify;\">\n<p style=\"text-align: justify;\"><strong>Art. 17. R\u00e8glement G\u00e9n\u00e9ral de la Protection des donn\u00e9es<\/strong>.<\/p>\n<p style=\"text-align: justify;\">\n<ol style=\"text-align: justify;\">\n<li>Contexte<\/li>\n<\/ol>\n<p style=\"text-align: justify;\"><span>Le pr\u00e9sent chapitre a pour objet de mettre en \u0153uvre les obligations d\u2019information et de transparence pr\u00e9vues par le R\u00e8glement G\u00e9n\u00e9ral sur la Protection des Donn\u00e9es (ci-apr\u00e8s RGPD). Il vise plus sp\u00e9cifiquement \u00e0 informer les participants aux activit\u00e9s de l\u2019ASBL \u00ab\u2009Les Grign\u2019notes\u2009\u00bb sur le traitement des donn\u00e9es \u00e0 caract\u00e8re personnel les\u00a0<\/span><span>concernant, sur la finalit\u00e9 de ce traitement ainsi que sur la dur\u00e9e du traitement.<\/span><\/p>\n<p style=\"text-align: justify;\"><span>Les droits dans le cadre du traitement des donn\u00e9es \u00e0 caract\u00e8re personnel sont \u00e9galement repris dans le pr\u00e9sent r\u00e8glement. <\/span><\/p>\n<p style=\"text-align: justify;\"><span>\u00a02. <\/span><span style=\"font-size: 14px;\">Donn\u00e9es \u00e0 caract\u00e8re personnel qui font l\u2019objet d\u2019un traitement<\/span><\/p>\n<p style=\"text-align: justify;\">Le RGPD d\u00e9finit les donn\u00e9es \u00e0 caract\u00e8re personnel comme \u00e9tant \u00ab\u2009<em>toute information se rapportant \u00e0 une personne physique identifi\u00e9e ou identifiable. Est r\u00e9put\u00e9e \u00eatre une \u201cpersonne physique identifiable\u201d une personne physique qui peut \u00eatre identifi\u00e9e, directement ou indirectement, notamment par r\u00e9f\u00e9rence \u00e0 un identifiant, tels un nom, un num\u00e9ro d\u2019identification, des donn\u00e9es de localisation, un identifiant en ligne, ou \u00e0 un ou plusieurs \u00e9l\u00e9ments sp\u00e9cifiques propres \u00e0 son identit\u00e9 physique, physiologique, g\u00e9n\u00e9tique, psychique, \u00e9conomique, culturelle ou sociale<\/em>\u2009\u00bb.<\/p>\n<p style=\"text-align: justify;\">Dans le cadre de son fonctionnement, l\u2019ASBL \u00ab\u2009Les Grign\u2019notes\u2009\u00bb traite un certain nombre de donn\u00e9es \u00e0 caract\u00e8re personnel des participants \u00e0 leurs activit\u00e9s.<\/p>\n<ol start=\"3\" style=\"text-align: justify;\">\n<li>Donn\u00e9es obtenues directement aupr\u00e8s des participants<\/li>\n<\/ol>\n<p style=\"text-align: justify;\">Les donn\u00e9es sont obtenues via un bulletin d\u2019inscription en ligne. Les donn\u00e9es concernent des enfants et des adultes.<\/p>\n<ul style=\"text-align: justify;\">\n<li>Type de donn\u00e9es r\u00e9colt\u00e9es\u00a0:<\/li>\n<li>Nom, pr\u00e9nom, adresse, date de naissance \u2009;<\/li>\n<li>Num\u00e9ro de t\u00e9l\u00e9phone\u2009;<\/li>\n<li>Adresse e-mail personnelle\u2009;<\/li>\n<li>Photos, vid\u00e9os\u2026<\/li>\n<li>Type de cours, dur\u00e9e, plage horaire, professeur, \u2026<\/li>\n<\/ul>\n<p style=\"text-align: justify;\">\n<ol start=\"4\" style=\"text-align: justify;\">\n<li>Finalit\u00e9 et base juridique du traitement des donn\u00e9es \u00e0 caract\u00e8re personnel<\/li>\n<\/ol>\n<p style=\"text-align: justify;\">Les donn\u00e9es \u00e0 caract\u00e8re personnel mentionn\u00e9es au point\u00a02 sont trait\u00e9es par l\u2019ASBL \u00ab\u2009Les Grign\u2019notes\u2009\u00bb pour permettre la gestion des inscriptions aux activit\u00e9s organis\u00e9es au sein de l\u2019ASBL.<\/p>\n<p style=\"text-align: justify;\">Le traitement est n\u00e9cessaire \u00e0 l\u2019ex\u00e9cution des inscriptions aux ateliers\u00a0:<\/p>\n<ul style=\"text-align: justify;\">\n<li>n\u00e9cessit\u00e9 de pouvoir contacter et communiquer (publicit\u00e9 avec photos, videos),<\/li>\n<li>n\u00e9cessit\u00e9 de suivre et \u00e9valuer les activit\u00e9s,<\/li>\n<li>n\u00e9cessit\u00e9 de planifier,<\/li>\n<li>permettre la planification du travail son suivi ainsi que le contr\u00f4le des ateliers<\/li>\n<\/ul>\n<p style=\"text-align: justify;\">Les participants communiquent les donn\u00e9es personnelles reprises au point\u00a02.1. Ces donn\u00e9es sont n\u00e9cessaires pour que l\u2019ASBL puisse organiser correctement sa gestion des activit\u00e9s.<\/p>\n<p style=\"text-align: justify;\">Ces informations ne sont trait\u00e9es par l\u2019ASBL que si les participants ont express\u00e9ment donn\u00e9 leur consentement \u00e0 cette fin. L\u2019ASBL garantit que les participants ont le libre choix de donner leur consentement, de refuser ou de se r\u00e9tracter par la suite, sans cons\u00e9quences n\u00e9gatives.<\/p>\n<p style=\"text-align: justify;\">\n<ol start=\"5\" style=\"text-align: justify;\">\n<li>Dur\u00e9es du traitement des donn\u00e9es \u00e0 caract\u00e8re personnel<\/li>\n<\/ol>\n<p style=\"text-align: justify;\">Les donn\u00e9es \u00e0 caract\u00e8re personnel mentionn\u00e9es au point 2 sont conserv\u00e9es durant 1 an Elles peuvent \u00eatre <span style=\"font-size: 14px;\">conserv\u00e9es durant une p\u00e9riode sup\u00e9rieure\u00a0dans les cas o\u00f9 le ou la participante se r\u00e9inscrit l\u2019ann\u00e9e qui suit<\/span><\/p>\n<p style=\"text-align: justify;\">\n<ol start=\"6\" style=\"text-align: justify;\">\n<li>Droits des participant\u00a0 &#8211; Acc\u00e8s aux donn\u00e9es personnelles<\/li>\n<\/ol>\n<p style=\"text-align: justify;\">Les participants ont le droit de prendre connaissance des donn\u00e9es \u00e0 caract\u00e8re personnel qui les concernent ainsi que des sp\u00e9cificit\u00e9s du traitement, en ce compris la finalit\u00e9 du traitement de ces donn\u00e9es. Les participants peuvent demander une copie des donn\u00e9es.<\/p>\n<p style=\"text-align: justify;\">\n<p>[\/et_pb_text][\/et_pb_column][\/et_pb_row][\/et_pb_section]<\/p>\n","protected":false},"excerpt":{"rendered":"<p>ROI v2.0 10062025\u00a0L\u2019\u00e9cole\u00a0 de musique est situ\u00e9e \u00e0\u00a0 Bra sur Lienne n\u00b0 78, Lierneux. Elle est affili\u00e9e \u00e0 la F\u00e9d\u00e9ration Musicale\u00a0 de la Province de Li\u00e8ge et est reconnue comme Centre d\u2019Expression et de Cr\u00e9ativit\u00e9. \u00a01. ADMISSION Article 1 Les cours d\u2019\u00e9veil musical\u00a0 sont ouverts aux enfants \u00e0 partir de 5 ans et\u00a0 ont une [&hellip;]<\/p>\n","protected":false},"author":3,"featured_media":0,"parent":0,"menu_order":0,"comment_status":"closed","ping_status":"closed","template":"","meta":{"_et_pb_use_builder":"on","_et_pb_old_content":"<p><a href=\"https:\/\/www.lesgrignnotes.be\/wp-content\/uploads\/2024\/09\/ROI-v1.0-12092024.pdf\">ROI v1.0 12092024<\/a><\/p>","_et_gb_content_width":"","footnotes":""},"class_list":["post-295","page","type-page","status-publish","hentry"],"_links":{"self":[{"href":"https:\/\/www.lesgrignnotes.be\/index.php\/wp-json\/wp\/v2\/pages\/295","targetHints":{"allow":["GET"]}}],"collection":[{"href":"https:\/\/www.lesgrignnotes.be\/index.php\/wp-json\/wp\/v2\/pages"}],"about":[{"href":"https:\/\/www.lesgrignnotes.be\/index.php\/wp-json\/wp\/v2\/types\/page"}],"author":[{"embeddable":true,"href":"https:\/\/www.lesgrignnotes.be\/index.php\/wp-json\/wp\/v2\/users\/3"}],"replies":[{"embeddable":true,"href":"https:\/\/www.lesgrignnotes.be\/index.php\/wp-json\/wp\/v2\/comments?post=295"}],"version-history":[{"count":7,"href":"https:\/\/www.lesgrignnotes.be\/index.php\/wp-json\/wp\/v2\/pages\/295\/revisions"}],"predecessor-version":[{"id":573,"href":"https:\/\/www.lesgrignnotes.be\/index.php\/wp-json\/wp\/v2\/pages\/295\/revisions\/573"}],"wp:attachment":[{"href":"https:\/\/www.lesgrignnotes.be\/index.php\/wp-json\/wp\/v2\/media?parent=295"}],"curies":[{"name":"wp","href":"https:\/\/api.w.org\/{rel}","templated":true}]}}