{"id":204,"date":"2024-08-10T05:23:32","date_gmt":"2024-08-10T05:23:32","guid":{"rendered":"https:\/\/www.lesgrignnotes.be\/?page_id=204"},"modified":"2026-03-14T10:34:01","modified_gmt":"2026-03-14T10:34:01","slug":"dons-sponsors","status":"publish","type":"page","link":"https:\/\/www.lesgrignnotes.be\/index.php\/dons-sponsors\/","title":{"rendered":"Dons \/ sponsors"},"content":{"rendered":"<p>[et_pb_section fb_built=\u00a0\u00bb1&Prime; _builder_version=\u00a0\u00bb4.27.0&Prime; background_image=\u00a0\u00bbhttps:\/\/www.lesgrignnotes.be\/wp-content\/uploads\/2024\/08\/arriere-plan.jpg\u00a0\u00bb global_colors_info=\u00a0\u00bb{}\u00a0\u00bb][et_pb_row _builder_version=\u00a0\u00bb4.16&Prime; background_size=\u00a0\u00bbinitial\u00a0\u00bb background_position=\u00a0\u00bbtop_left\u00a0\u00bb background_repeat=\u00a0\u00bbrepeat\u00a0\u00bb global_colors_info=\u00a0\u00bb{}\u00a0\u00bb][et_pb_column type=\u00a0\u00bb4_4&Prime; _builder_version=\u00a0\u00bb4.16&Prime; custom_padding=\u00a0\u00bb|||\u00a0\u00bb global_colors_info=\u00a0\u00bb{}\u00a0\u00bb custom_padding__hover=\u00a0\u00bb|||\u00a0\u00bb][et_pb_post_title meta=\u00a0\u00bboff\u00a0\u00bb featured_image=\u00a0\u00bboff\u00a0\u00bb _builder_version=\u00a0\u00bb4.27.5&Prime; _module_preset=\u00a0\u00bbdefault\u00a0\u00bb title_font=\u00a0\u00bb|700|||||||\u00a0\u00bb global_colors_info=\u00a0\u00bb{}\u00a0\u00bb][\/et_pb_post_title][et_pb_image src=\u00a0\u00bbhttps:\/\/www.lesgrignnotes.be\/wp-content\/uploads\/2026\/01\/webbanner-scaled.png\u00a0\u00bb title_text=\u00a0\u00bbwebbanner\u00a0\u00bb url=\u00a0\u00bbhttp:\/\/www.trooper.be\u00a0\u00bb _builder_version=\u00a0\u00bb4.27.6&Prime; _module_preset=\u00a0\u00bbdefault\u00a0\u00bb border_radii=\u00a0\u00bbon|10px|10px|10px|10px\u00a0\u00bb box_shadow_style=\u00a0\u00bbpreset2&Prime; global_colors_info=\u00a0\u00bb{}\u00a0\u00bb][\/et_pb_image][et_pb_text _builder_version=\u00a0\u00bb4.27.6&Prime; _module_preset=\u00a0\u00bbdefault\u00a0\u00bb hover_enabled=\u00a0\u00bb0&Prime; global_colors_info=\u00a0\u00bb{}\u00a0\u00bb sticky_enabled=\u00a0\u00bb0&Prime;]<\/p>\n<p style=\"text-align: center;\"><img loading=\"lazy\" decoding=\"async\" src=\"https:\/\/www.lesgrignnotes.be\/wp-content\/uploads\/2026\/03\/Affiche-Trooper.be_-213x300.png\" width=\"213\" height=\"300\" alt=\"\" class=\"wp-image-780 alignnone size-medium\" style=\"display: block; margin-left: auto; margin-right: auto;\" \/>Comment faire ? <a href=\"https:\/\/www.lesgrignnotes.be\/wp-content\/uploads\/2026\/03\/presentation-trooper-v2.0.pdf\">T\u00e9l\u00e9chargez<\/a> le mode d&#8217;emploi \ud83d\ude09<\/p>\n<p>[\/et_pb_text][et_pb_text _builder_version=\u00a0\u00bb4.27.5&Prime; text_font=\u00a0\u00bb|600|||||||\u00a0\u00bb header_font=\u00a0\u00bb|600|||||||\u00a0\u00bb background_size=\u00a0\u00bbinitial\u00a0\u00bb background_position=\u00a0\u00bbtop_left\u00a0\u00bb background_repeat=\u00a0\u00bbrepeat\u00a0\u00bb custom_padding=\u00a0\u00bb20px|20px|20px|20px|false|false\u00a0\u00bb border_radii=\u00a0\u00bbon|10px|10px|10px|10px\u00a0\u00bb border_width_all=\u00a0\u00bb3px\u00a0\u00bb border_color_all=\u00a0\u00bb#a05500&Prime; box_shadow_style=\u00a0\u00bbpreset2&Prime; box_shadow_color=\u00a0\u00bb#8c8c8c\u00a0\u00bb global_colors_info=\u00a0\u00bb{}\u00a0\u00bb]<\/p>\n<p class=\"font_7 wixui-rich-text__text\" style=\"text-align: justify;\"><span class=\"wixui-rich-text__text\"><span class=\"color_36 wixui-rich-text__text\">Nous avons besoin de vous et de votre soutien pour leur donner les moyens de leurs ambitions !<\/span><\/span><\/p>\n<p class=\"font_7 wixui-rich-text__text\" style=\"text-align: justify;\"><span class=\"wixui-rich-text__text\"><span class=\"color_36 wixui-rich-text__text\">Chaque pierre apport\u00e9e \u00e0 l\u2019\u00e9difice construit l\u2019avenir de la jeunesse.\u00a0<\/span><span class=\"color_36 wixui-rich-text__text\">Nous sommes persuad\u00e9s que l\u2019aide aux projets \u00e9ducatifs fait partie de vos priorit\u00e9s.<br class=\"wixui-rich-text__text\" \/><\/span><\/span><\/p>\n<p dir=\"ltr\" style=\"text-align: justify;\">Les valeurs de l&rsquo;\u00e9cole de musique Les Grign&rsquo;notes sont une destination incontournable pour les m\u00e9lomanes, les musiciens en herbes et les plus avanc\u00e9s.<\/p>\n<p dir=\"ltr\" style=\"text-align: justify;\"><span class=\"wixui-rich-text__text\"><span class=\"color_36 wixui-rich-text__text\">Vous pouvez verser vos dons sur le compte :<br class=\"wixui-rich-text__text\" \/><br class=\"wixui-rich-text__text\" \/>IBAN: <b>BE89 0000 6706 4685 <\/b><br class=\"wixui-rich-text__text\" \/><br class=\"wixui-rich-text__text\" \/>au nom de : L&rsquo;\u00e9cole de musique Les Grign&rsquo;notes ASBL<\/span><\/span><\/p>\n<p class=\"font_7 wixui-rich-text__text\" style=\"text-align: justify;\"><span class=\"wixui-rich-text__text\"><span class=\"color_36 wixui-rich-text__text\">avec la mention : \u00abdon \u00e9cole Les Grign&rsquo;notes\u00bb + votre nom et pr\u00e9nom\u00a0<\/span><\/span><\/p>\n<p class=\"font_7 wixui-rich-text__text\" style=\"text-align: justify;\"><span class=\"wixui-rich-text__text\"><span class=\"wixGuard wixui-rich-text__text\">\u200b<\/span><\/span><\/p>\n<p>[\/et_pb_text][\/et_pb_column][\/et_pb_row][et_pb_row column_structure=\u00a0\u00bb1_4,1_4,1_4,1_4&Prime; _builder_version=\u00a0\u00bb4.27.5&Prime; _module_preset=\u00a0\u00bbdefault\u00a0\u00bb global_colors_info=\u00a0\u00bb{}\u00a0\u00bb][et_pb_column type=\u00a0\u00bb1_4&Prime; _builder_version=\u00a0\u00bb4.27.5&Prime; _module_preset=\u00a0\u00bbdefault\u00a0\u00bb global_colors_info=\u00a0\u00bb{}\u00a0\u00bb][et_pb_image src=\u00a0\u00bbhttps:\/\/www.lesgrignnotes.be\/wp-content\/uploads\/2026\/01\/logo__complet_v1.0-removebg-preview.png\u00a0\u00bb title_text=\u00a0\u00bblogo__complet_v1.0-removebg-preview\u00a0\u00bb _builder_version=\u00a0\u00bb4.27.5&Prime; _module_preset=\u00a0\u00bbdefault\u00a0\u00bb global_colors_info=\u00a0\u00bb{}\u00a0\u00bb][\/et_pb_image][et_pb_image src=\u00a0\u00bbhttps:\/\/www.lesgrignnotes.be\/wp-content\/uploads\/2026\/01\/dj-cat.jpeg\u00a0\u00bb title_text=\u00a0\u00bbdj cat\u00a0\u00bb _builder_version=\u00a0\u00bb4.27.5&Prime; _module_preset=\u00a0\u00bbdefault\u00a0\u00bb global_colors_info=\u00a0\u00bb{}\u00a0\u00bb][\/et_pb_image][\/et_pb_column][et_pb_column type=\u00a0\u00bb1_4&Prime; _builder_version=\u00a0\u00bb4.27.5&Prime; _module_preset=\u00a0\u00bbdefault\u00a0\u00bb global_colors_info=\u00a0\u00bb{}\u00a0\u00bb][et_pb_image src=\u00a0\u00bbhttps:\/\/www.lesgrignnotes.be\/wp-content\/uploads\/2026\/01\/438097977_442171111511770_6016270485530675173_n-removebg-preview.png\u00a0\u00bb title_text=\u00a0\u00bb438097977_442171111511770_6016270485530675173_n-removebg-preview\u00a0\u00bb _builder_version=\u00a0\u00bb4.27.5&Prime; _module_preset=\u00a0\u00bbdefault\u00a0\u00bb global_colors_info=\u00a0\u00bb{}\u00a0\u00bb][\/et_pb_image][\/et_pb_column][et_pb_column type=\u00a0\u00bb1_4&Prime; _builder_version=\u00a0\u00bb4.27.5&Prime; _module_preset=\u00a0\u00bbdefault\u00a0\u00bb global_colors_info=\u00a0\u00bb{}\u00a0\u00bb][et_pb_image src=\u00a0\u00bbhttps:\/\/www.lesgrignnotes.be\/wp-content\/uploads\/2026\/01\/logo-partenaire-lierneux-haute-ardenne-350&#215;281-1.png\u00a0\u00bb title_text=\u00a0\u00bblogo-partenaire-lierneux-haute-ardenne-350&#215;281&Prime; _builder_version=\u00a0\u00bb4.27.5&Prime; _module_preset=\u00a0\u00bbdefault\u00a0\u00bb global_colors_info=\u00a0\u00bb{}\u00a0\u00bb][\/et_pb_image][et_pb_image src=\u00a0\u00bbhttps:\/\/www.lesgrignnotes.be\/wp-content\/uploads\/2024\/08\/logo_provincedeliege_culture.jpg\u00a0\u00bb title_text=\u00a0\u00bblogo_provincedeliege_culture\u00a0\u00bb _builder_version=\u00a0\u00bb4.27.5&Prime; _module_preset=\u00a0\u00bbdefault\u00a0\u00bb global_colors_info=\u00a0\u00bb{}\u00a0\u00bb][\/et_pb_image][\/et_pb_column][et_pb_column type=\u00a0\u00bb1_4&Prime; _builder_version=\u00a0\u00bb4.27.5&Prime; _module_preset=\u00a0\u00bbdefault\u00a0\u00bb global_colors_info=\u00a0\u00bb{}\u00a0\u00bb][et_pb_image src=\u00a0\u00bbhttps:\/\/www.lesgrignnotes.be\/wp-content\/uploads\/2024\/08\/logo-fwb-couleur-vertical.jpg\u00a0\u00bb title_text=\u00a0\u00bblogo-fwb-couleur-vertical\u00a0\u00bb _builder_version=\u00a0\u00bb4.27.5&Prime; _module_preset=\u00a0\u00bbdefault\u00a0\u00bb global_colors_info=\u00a0\u00bb{}\u00a0\u00bb][\/et_pb_image][\/et_pb_column][\/et_pb_row][\/et_pb_section]<\/p>\n","protected":false},"excerpt":{"rendered":"<p>Comment faire ? T\u00e9l\u00e9chargez le mode d&#8217;emploi ;-)Nous avons besoin de vous et de votre soutien pour leur donner les moyens de leurs ambitions ! Chaque pierre apport\u00e9e \u00e0 l\u2019\u00e9difice construit l\u2019avenir de la jeunesse.\u00a0Nous sommes persuad\u00e9s que l\u2019aide aux projets \u00e9ducatifs fait partie de vos priorit\u00e9s. Les valeurs de l&rsquo;\u00e9cole de musique Les Grign&rsquo;notes [&hellip;]<\/p>\n","protected":false},"author":3,"featured_media":0,"parent":0,"menu_order":0,"comment_status":"closed","ping_status":"closed","template":"","meta":{"_et_pb_use_builder":"on","_et_pb_old_content":"<p class=\"font_7 wixui-rich-text__text\"><span class=\"wixui-rich-text__text\"><span class=\"color_36 wixui-rich-text__text\">Nous avons besoin de vous et de votre soutien pour leur donner les moyens de leurs ambitions !<\/span><\/span><\/p><p class=\"font_7 wixui-rich-text__text\"><span class=\"wixui-rich-text__text\"><span class=\"color_36 wixui-rich-text__text\">Chaque pierre apport\u00e9e \u00e0 l\u2019\u00e9difice construit l\u2019avenir de la jeunesse.\u00a0<\/span><span class=\"color_36 wixui-rich-text__text\">Nous sommes persuad\u00e9s que l\u2019aide aux projets \u00e9ducatifs fait partie de vos priorit\u00e9s.<br class=\"wixui-rich-text__text\" \/><\/span><\/span><\/p><p dir=\"ltr\">Les valeurs de l'\u00e9cole de musique Les Grign'notes sont une destination incontournable pour les m\u00e9lomanes, les musiciens en herbes et les plus avanc\u00e9s.<\/p><p dir=\"ltr\"><span class=\"wixui-rich-text__text\"><span class=\"color_36 wixui-rich-text__text\">Vous pouvez verser vos dons sur le compte :<br class=\"wixui-rich-text__text\" \/><br class=\"wixui-rich-text__text\" \/>IBAN: <b>BE89 0000 6706 4685 <\/b><br class=\"wixui-rich-text__text\" \/><br class=\"wixui-rich-text__text\" \/>au nom de : L'\u00e9cole de musique Les Grign'notes ASBL<\/span><\/span><\/p><p class=\"font_7 wixui-rich-text__text\">\u00a0<\/p><p class=\"font_7 wixui-rich-text__text\">\u00a0<\/p><p class=\"font_7 wixui-rich-text__text\"><span class=\"wixui-rich-text__text\"><span class=\"color_36 wixui-rich-text__text\">avec la mention : \u00ab don Young Belgian Strings\u00bb + votre nom et pr\u00e9nom + votre adresse mail<\/span><\/span><\/p><p class=\"font_7 wixui-rich-text__text\"><span class=\"wixui-rich-text__text\"><span class=\"wixGuard wixui-rich-text__text\">\u200b<\/span><\/span><\/p>","_et_gb_content_width":"","footnotes":""},"class_list":["post-204","page","type-page","status-publish","hentry"],"_links":{"self":[{"href":"https:\/\/www.lesgrignnotes.be\/index.php\/wp-json\/wp\/v2\/pages\/204","targetHints":{"allow":["GET"]}}],"collection":[{"href":"https:\/\/www.lesgrignnotes.be\/index.php\/wp-json\/wp\/v2\/pages"}],"about":[{"href":"https:\/\/www.lesgrignnotes.be\/index.php\/wp-json\/wp\/v2\/types\/page"}],"author":[{"embeddable":true,"href":"https:\/\/www.lesgrignnotes.be\/index.php\/wp-json\/wp\/v2\/users\/3"}],"replies":[{"embeddable":true,"href":"https:\/\/www.lesgrignnotes.be\/index.php\/wp-json\/wp\/v2\/comments?post=204"}],"version-history":[{"count":10,"href":"https:\/\/www.lesgrignnotes.be\/index.php\/wp-json\/wp\/v2\/pages\/204\/revisions"}],"predecessor-version":[{"id":781,"href":"https:\/\/www.lesgrignnotes.be\/index.php\/wp-json\/wp\/v2\/pages\/204\/revisions\/781"}],"wp:attachment":[{"href":"https:\/\/www.lesgrignnotes.be\/index.php\/wp-json\/wp\/v2\/media?parent=204"}],"curies":[{"name":"wp","href":"https:\/\/api.w.org\/{rel}","templated":true}]}}