{"id":162,"date":"2024-08-09T10:42:08","date_gmt":"2024-08-09T10:42:08","guid":{"rendered":"https:\/\/www.lesgrignnotes.be\/?page_id=162"},"modified":"2025-09-25T09:30:47","modified_gmt":"2025-09-25T09:30:47","slug":"cours","status":"publish","type":"page","link":"https:\/\/www.lesgrignnotes.be\/index.php\/cours\/","title":{"rendered":"Cours"},"content":{"rendered":"<p>[et_pb_section fb_built=\u00a0\u00bb1&Prime; admin_label=\u00a0\u00bbsection\u00a0\u00bb _builder_version=\u00a0\u00bb4.27.0&Prime; background_image=\u00a0\u00bbhttps:\/\/www.lesgrignnotes.be\/wp-content\/uploads\/2024\/08\/arriere-plan.jpg\u00a0\u00bb global_colors_info=\u00a0\u00bb{}\u00a0\u00bb][et_pb_row column_structure=\u00a0\u00bb1_2,1_2&Prime; admin_label=\u00a0\u00bbrow\u00a0\u00bb _builder_version=\u00a0\u00bb4.16&Prime; background_size=\u00a0\u00bbinitial\u00a0\u00bb background_position=\u00a0\u00bbtop_left\u00a0\u00bb background_repeat=\u00a0\u00bbrepeat\u00a0\u00bb global_colors_info=\u00a0\u00bb{}\u00a0\u00bb][et_pb_column type=\u00a0\u00bb1_2&Prime; _builder_version=\u00a0\u00bb4.16&Prime; custom_padding=\u00a0\u00bb|||\u00a0\u00bb global_colors_info=\u00a0\u00bb{}\u00a0\u00bb custom_padding__hover=\u00a0\u00bb|||\u00a0\u00bb][et_pb_button button_url=\u00a0\u00bbhttps:\/\/docs.google.com\/forms\/d\/e\/1FAIpQLSdqoBiGW5Vi9GHdA4zvrfBiZJqi3ueu3pxyPCWhtjho7b0ibw\/viewform?usp=header\u00a0\u00bb button_text=\u00a0\u00bbINSCRIPTIONS 2025 &#8211; 2026&Prime; button_alignment=\u00a0\u00bbcenter\u00a0\u00bb _builder_version=\u00a0\u00bb4.27.4&Prime; _module_preset=\u00a0\u00bbdefault\u00a0\u00bb custom_button=\u00a0\u00bbon\u00a0\u00bb button_text_color=\u00a0\u00bb#000000&Prime; button_text_shadow_style=\u00a0\u00bbpreset2&Prime; box_shadow_style=\u00a0\u00bbpreset4&Prime; global_colors_info=\u00a0\u00bb{}\u00a0\u00bb][\/et_pb_button][et_pb_tabs _builder_version=\u00a0\u00bb4.27.4&Prime; _module_preset=\u00a0\u00bbdefault\u00a0\u00bb body_font=\u00a0\u00bb|600|||||||\u00a0\u00bb hover_enabled=\u00a0\u00bb0&Prime; border_radii=\u00a0\u00bbon|10px|10px|10px|10px\u00a0\u00bb box_shadow_style=\u00a0\u00bbpreset2&Prime; global_colors_info=\u00a0\u00bb{}\u00a0\u00bb sticky_enabled=\u00a0\u00bb0&Prime;][et_pb_tab title=\u00a0\u00bbBatterie\u00a0\u00bb _builder_version=\u00a0\u00bb4.27.4&Prime; _module_preset=\u00a0\u00bbdefault\u00a0\u00bb global_colors_info=\u00a0\u00bb{}\u00a0\u00bb]<\/p>\n<table border=\"1\" style=\"border-collapse: collapse; width: 100%;\">\n<tbody>\n<tr>\n<td style=\"width: 50%;\"><img loading=\"lazy\" decoding=\"async\" src=\"https:\/\/www.lesgrignnotes.be\/wp-content\/uploads\/2025\/09\/497688926_3033149826856352_6845653088174843964_n-300x200.jpg\" width=\"300\" height=\"200\" alt=\"\" class=\"wp-image-595 alignnone size-medium\" \/><\/td>\n<td style=\"width: 50%;\">\n<p dir=\"ltr\"><span style=\"text-decoration: underline;\"><strong>Professeur<\/strong><\/span>:<\/p>\n<p dir=\"ltr\">Tom SELMI<\/p>\n<p dir=\"ltr\"><span style=\"text-decoration: underline;\"><strong>Cours<\/strong><\/span>: mardi<\/p>\n<\/td>\n<\/tr>\n<\/tbody>\n<\/table>\n<p dir=\"ltr\">[\/et_pb_tab][et_pb_tab title=\u00a0\u00bbChant\u00a0\u00bb _builder_version=\u00a0\u00bb4.27.4&Prime; _module_preset=\u00a0\u00bbdefault\u00a0\u00bb custom_padding=\u00a0\u00bb20px|20px|20px|20px|false|false\u00a0\u00bb global_colors_info=\u00a0\u00bb{}\u00a0\u00bb]<\/p>\n<table border=\"1\" style=\"border-collapse: collapse; width: 100%;\">\n<tbody>\n<tr>\n<td style=\"width: 50%;\"><img loading=\"lazy\" decoding=\"async\" src=\"https:\/\/www.lesgrignnotes.be\/wp-content\/uploads\/2025\/06\/IMG_7369a-300x195.jpg\" width=\"300\" height=\"195\" alt=\"\" class=\"wp-image-537 alignnone size-medium\" \/><\/td>\n<td style=\"width: 50%;\">\n<p>Mr Denis GABRIEL<\/p>\n<p><span style=\"text-decoration: underline;\"><strong>Cours<\/strong><\/span>: lundi et mardi\u00a0<\/p>\n<\/td>\n<\/tr>\n<tr>\n<td style=\"width: 50%;\"><img loading=\"lazy\" decoding=\"async\" src=\"https:\/\/www.lesgrignnotes.be\/wp-content\/uploads\/2025\/09\/Selen-300x200.jpg\" width=\"300\" height=\"200\" alt=\"\" class=\"wp-image-599 alignnone size-medium\" \/><\/td>\n<td style=\"width: 50%;\">\n<p>Mme Selen KARAYIGITOGLU<\/p>\n<p><span style=\"text-decoration: underline;\"><strong>Cours<\/strong><\/span>: samedi<\/p>\n<\/td>\n<\/tr>\n<\/tbody>\n<\/table>\n<p dir=\"ltr\">[\/et_pb_tab][et_pb_tab title=\u00a0\u00bbFl\u00fbte\u00a0\u00bb _builder_version=\u00a0\u00bb4.27.4&Prime; _module_preset=\u00a0\u00bbdefault\u00a0\u00bb global_colors_info=\u00a0\u00bb{}\u00a0\u00bb]<\/p>\n<table border=\"1\" style=\"border-collapse: collapse; width: 100%;\">\n<tbody>\n<tr>\n<td style=\"width: 50%;\"><img loading=\"lazy\" decoding=\"async\" src=\"https:\/\/www.lesgrignnotes.be\/wp-content\/uploads\/2025\/06\/404099536_10229316332480416_869376880641443171_n-228x300.jpg\" width=\"228\" height=\"300\" alt=\"\" class=\"wp-image-525 alignnone size-medium\" style=\"display: block; margin-left: auto; margin-right: auto;\" \/><\/td>\n<td style=\"width: 50%;\">\n<p><span style=\"text-decoration: underline;\"><strong>Professeur<\/strong><\/span>: Mme Fanny FAUCONNIER<\/p>\n<p><span style=\"text-decoration: underline;\"><strong>Cours<\/strong><\/span>: Samedi<\/p>\n<\/td>\n<\/tr>\n<\/tbody>\n<\/table>\n<p dir=\"ltr\">[\/et_pb_tab][et_pb_tab title=\u00a0\u00bbGuitare\u00a0\u00bb _builder_version=\u00a0\u00bb4.27.4&Prime; _module_preset=\u00a0\u00bbdefault\u00a0\u00bb global_colors_info=\u00a0\u00bb{}\u00a0\u00bb]<\/p>\n<table border=\"1\" style=\"border-collapse: collapse; width: 100%;\">\n<tbody>\n<tr>\n<td style=\"width: 50%;\"><img loading=\"lazy\" decoding=\"async\" src=\"https:\/\/www.lesgrignnotes.be\/wp-content\/uploads\/2025\/09\/104834414_709270053227908_4689554324559331712_n-300x200.jpg\" width=\"300\" height=\"200\" alt=\"\" class=\"wp-image-597 alignnone size-medium\" \/><\/td>\n<td style=\"width: 50%;\">\n<p><span style=\"text-decoration: underline;\"><strong>Professeur<\/strong><\/span>: Simon VAN DEN ACKERVEKEN<\/p>\n<p><span style=\"text-decoration: underline;\"><strong>Cours<\/strong><\/span>: lundi<\/p>\n<\/td>\n<\/tr>\n<\/tbody>\n<\/table>\n<p>&nbsp;<\/p>\n<p>[\/et_pb_tab][et_pb_tab title=\u00a0\u00bbPiano\u00a0\u00bb _builder_version=\u00a0\u00bb4.27.4&Prime; _module_preset=\u00a0\u00bbdefault\u00a0\u00bb global_colors_info=\u00a0\u00bb{}\u00a0\u00bb]<\/p>\n<p dir=\"ltr\">Professeurs:<\/p>\n<table border=\"1\" style=\"border-collapse: collapse; width: 100%;\">\n<tbody>\n<tr>\n<td style=\"width: 50%;\"><img loading=\"lazy\" decoding=\"async\" src=\"https:\/\/www.lesgrignnotes.be\/wp-content\/uploads\/2025\/09\/angelo-257x300.jpg\" width=\"257\" height=\"300\" alt=\"\" class=\"wp-image-601 alignnone size-medium\" \/><\/td>\n<td style=\"width: 50%;\">\n<p>Angelo\u00a0 RAIMONDI LUCCHETTI<\/p>\n<p><span style=\"text-decoration: underline;\"><strong>Cours<\/strong><\/span>: samedi (possibilit\u00e9 d&rsquo;avoir les cours en italien)<\/p>\n<\/td>\n<\/tr>\n<tr>\n<td style=\"width: 50%;\"><img loading=\"lazy\" decoding=\"async\" src=\"https:\/\/www.lesgrignnotes.be\/wp-content\/uploads\/2025\/09\/Maika2-225x300.jpg\" width=\"225\" height=\"300\" alt=\"\" class=\"wp-image-610 alignnone size-medium\" \/><\/td>\n<td style=\"width: 50%;\">\n<p>Mme Maika KIMURA<\/p>\n<p><span style=\"text-decoration: underline;\"><strong>Cours<\/strong><\/span>: Mercredi<\/p>\n<p>(possibilit\u00e9 d&rsquo;avoir les cours en anglais et japonnais)<\/p>\n<\/td>\n<\/tr>\n<\/tbody>\n<\/table>\n<p dir=\"ltr\">[\/et_pb_tab][et_pb_tab title=\u00a0\u00bbTrompette\u00a0\u00bb _builder_version=\u00a0\u00bb4.27.4&Prime; _module_preset=\u00a0\u00bbdefault\u00a0\u00bb hover_enabled=\u00a0\u00bb0&Prime; global_colors_info=\u00a0\u00bb{}\u00a0\u00bb sticky_enabled=\u00a0\u00bb0&Prime;]<\/p>\n<table border=\"1\" style=\"border-collapse: collapse; width: 100%;\">\n<tbody>\n<tr>\n<td style=\"width: 50%;\"><img loading=\"lazy\" decoding=\"async\" src=\"https:\/\/www.lesgrignnotes.be\/wp-content\/uploads\/2025\/09\/olivier-prick-177x300.jpg\" width=\"177\" height=\"300\" alt=\"\" class=\"wp-image-612 alignnone size-medium\" \/><\/td>\n<td style=\"width: 50%;\">\n<p><span style=\"text-decoration: underline;\"><strong>Professeur<\/strong><\/span>:\u00a0Olivier PRICK<\/p>\n<p><span style=\"text-decoration: underline;\"><strong>Cours<\/strong> <\/span>: Vendredi<\/p>\n<\/td>\n<\/tr>\n<\/tbody>\n<\/table>\n<p>&nbsp;<\/p>\n<p>[\/et_pb_tab][et_pb_tab title=\u00a0\u00bbViolon\u00a0\u00bb _builder_version=\u00a0\u00bb4.27.4&Prime; _module_preset=\u00a0\u00bbdefault\u00a0\u00bb global_colors_info=\u00a0\u00bb{}\u00a0\u00bb]<\/p>\n<table border=\"1\" style=\"border-collapse: collapse; width: 100%;\">\n<tbody>\n<tr>\n<td style=\"width: 50%;\"><img loading=\"lazy\" decoding=\"async\" src=\"https:\/\/www.lesgrignnotes.be\/wp-content\/uploads\/2025\/09\/493490852_9565570523519285_6326230401141558867_n-300x234.jpg\" width=\"300\" height=\"234\" alt=\"\" class=\"wp-image-604 alignnone size-medium\" \/><\/td>\n<td style=\"width: 50%;\">\n<p dir=\"ltr\"><span style=\"text-decoration: underline;\"><strong>Professeur <\/strong><\/span>:<\/p>\n<p dir=\"ltr\">Stefany LONDONO<\/p>\n<p dir=\"ltr\"><span style=\"text-decoration: underline;\"><strong>Cours<\/strong> <\/span>: Samedi (possibilit\u00e9 d&rsquo;avoir les cours en espagnol)<\/p>\n<\/td>\n<\/tr>\n<\/tbody>\n<\/table>\n<p dir=\"ltr\">[\/et_pb_tab][et_pb_tab title=\u00a0\u00bbEveil et Formation musicale\u00a0\u00bb _builder_version=\u00a0\u00bb4.27.4&Prime; _module_preset=\u00a0\u00bbdefault\u00a0\u00bb global_colors_info=\u00a0\u00bb{}\u00a0\u00bb]<\/p>\n<table border=\"1\" style=\"border-collapse: collapse; width: 100%;\">\n<tbody>\n<tr>\n<td style=\"width: 50%;\"><img loading=\"lazy\" decoding=\"async\" src=\"https:\/\/www.lesgrignnotes.be\/wp-content\/uploads\/2025\/09\/493490852_9565570523519285_6326230401141558867_n-300x234.jpg\" width=\"300\" height=\"234\" alt=\"\" class=\"wp-image-604 alignnone size-medium\" \/><\/td>\n<td style=\"width: 50%;\">\n<p dir=\"ltr\"><span style=\"text-decoration: underline;\"><strong>Professeur <\/strong><\/span>:<\/p>\n<p dir=\"ltr\">Stefany LONDONO<\/p>\n<p dir=\"ltr\"><span style=\"text-decoration: underline;\"><strong>Cours<\/strong> <\/span>: Samedi (possibilit\u00e9 d&rsquo;avoir les cours en espagnol)<\/p>\n<\/td>\n<\/tr>\n<\/tbody>\n<\/table>\n<p dir=\"ltr\">[\/et_pb_tab][et_pb_tab title=\u00a0\u00bbCalendrier cong\u00e9s scolaires\u00a0\u00bb _builder_version=\u00a0\u00bb4.27.4&Prime; _module_preset=\u00a0\u00bbdefault\u00a0\u00bb link_option_url=\u00a0\u00bbhttp:\/\/www.enseignement.be\/index.php?page=23953&Prime; global_colors_info=\u00a0\u00bb{}\u00a0\u00bb]<\/p>\n<p><img loading=\"lazy\" decoding=\"async\" src=\"https:\/\/www.lesgrignnotes.be\/wp-content\/uploads\/2025\/06\/Conges-scolaires-2025-2026-300x228.jpg\" width=\"300\" height=\"228\" alt=\"\" class=\"wp-image-577 alignnone size-medium\" \/><\/p>\n<p>[\/et_pb_tab][\/et_pb_tabs][et_pb_image src=\u00a0\u00bbhttps:\/\/www.lesgrignnotes.be\/wp-content\/uploads\/2024\/09\/Diapositive1.jpg\u00a0\u00bb title_text=\u00a0\u00bbDiapositive1&Prime; url=\u00a0\u00bbhttps:\/\/maps.app.goo.gl\/c7XJvU6PEutdWGM5A\u00a0\u00bb align=\u00a0\u00bbcenter\u00a0\u00bb _builder_version=\u00a0\u00bb4.27.0&Prime; _module_preset=\u00a0\u00bbdefault\u00a0\u00bb border_radii=\u00a0\u00bbon|10px|10px|10px|10px\u00a0\u00bb box_shadow_style=\u00a0\u00bbpreset2&Prime; global_colors_info=\u00a0\u00bb{}\u00a0\u00bb][\/et_pb_image][et_pb_text _builder_version=\u00a0\u00bb4.27.0&Prime; _module_preset=\u00a0\u00bbdefault\u00a0\u00bb link_option_url=\u00a0\u00bbhttps:\/\/www.google.com\/maps\/place\/L&rsquo;%C3%A9cole+de+musique+Les+Grign&rsquo;notes\/@50.3224034,5.7293681,488m\/data=!3m2!1e3!4b1!4m6!3m5!1s0x47c0691f8c0fe4ab:0xf846f3decad98bb3!8m2!3d50.3224!4d5.731943!16s%2Fg%2F11sv72gyp9?authuser=0&#038;entry=ttu&#038;g_ep=EgoyMDI0MDkyNS4wIKXMDSoASAFQAw%3D%3D\u00a0\u00bb global_colors_info=\u00a0\u00bb{}\u00a0\u00bb]<\/p>\n<h3>Obtenir l&rsquo;itin\u00e9raire \u2192<\/h3>\n<p>[\/et_pb_text][\/et_pb_column][et_pb_column type=\u00a0\u00bb1_2&Prime; _builder_version=\u00a0\u00bb4.16&Prime; custom_padding=\u00a0\u00bb|||\u00a0\u00bb global_colors_info=\u00a0\u00bb{}\u00a0\u00bb custom_padding__hover=\u00a0\u00bb|||\u00a0\u00bb][et_pb_image src=\u00a0\u00bbhttps:\/\/www.lesgrignnotes.be\/wp-content\/uploads\/2025\/06\/prix-cours.png\u00a0\u00bb title_text=\u00a0\u00bbprix cours\u00a0\u00bb align=\u00a0\u00bbcenter\u00a0\u00bb _builder_version=\u00a0\u00bb4.27.4&Prime; _module_preset=\u00a0\u00bbdefault\u00a0\u00bb border_radii=\u00a0\u00bbon|10px|10px|10px|10px\u00a0\u00bb box_shadow_style=\u00a0\u00bbpreset2&Prime; global_colors_info=\u00a0\u00bb{}\u00a0\u00bb][\/et_pb_image][et_pb_text _builder_version=\u00a0\u00bb4.27.4&Prime; _module_preset=\u00a0\u00bbdefault\u00a0\u00bb global_colors_info=\u00a0\u00bb{}\u00a0\u00bb]<\/p>\n<p>Les prix sont par personne (\u00e9l\u00e8ve)<\/p>\n<p>[\/et_pb_text][et_pb_text _builder_version=\u00a0\u00bb4.27.4&Prime; _module_preset=\u00a0\u00bbdefault\u00a0\u00bb custom_padding=\u00a0\u00bb20px|20px|20px|20px|false|false\u00a0\u00bb border_radii=\u00a0\u00bbon|10px|10px|10px|10px\u00a0\u00bb border_width_all=\u00a0\u00bb2px\u00a0\u00bb border_color_all=\u00a0\u00bb#E09900&Prime; box_shadow_style=\u00a0\u00bbpreset2&Prime; global_colors_info=\u00a0\u00bb{}\u00a0\u00bb]<\/p>\n<p style=\"text-align: justify;\">Comme la musique doit rester accessible \u00e0 tout le monde, m\u00eame si vous avez des soucis financier, n&rsquo;h\u00e9sitez pas \u00e0 prendre contact avec le service du CPAS de Lierneux.\u00a0 Le CPAS a une enveloppe sp\u00e9ciale pour les activit\u00e9s socio-culturelles.<\/p>\n<p style=\"text-align: justify;\"><span style=\"text-decoration: underline;\">Renseignements<\/span>:<\/p>\n<p style=\"text-align: justify;\">Tel: <span>080\/42 96 44<\/span><\/p>\n<p style=\"text-align: justify;\"><span>E-mail: <\/span><span><a href=\"mailto:administratif.cpas@lierneux.be\">administratif.cpas@lierneux.be<\/a><\/span><\/p>\n<p>[\/et_pb_text][\/et_pb_column][\/et_pb_row][\/et_pb_section]<\/p>\n","protected":false},"excerpt":{"rendered":"<p>Professeur: Tom SELMI Cours: mardi Mr Denis GABRIEL Cours: lundi et mardi\u00a0 Mme Selen KARAYIGITOGLU Cours: samedi Professeur: Mme Fanny FAUCONNIER Cours: Samedi Professeur: Simon VAN DEN ACKERVEKEN Cours: lundi &nbsp;Professeurs: Angelo\u00a0 RAIMONDI LUCCHETTI Cours: samedi (possibilit\u00e9 d&rsquo;avoir les cours en italien) Mme Maika KIMURA Cours: Mercredi (possibilit\u00e9 d&rsquo;avoir les cours en anglais et japonnais) [&hellip;]<\/p>\n","protected":false},"author":3,"featured_media":0,"parent":0,"menu_order":0,"comment_status":"closed","ping_status":"closed","template":"","meta":{"_et_pb_use_builder":"on","_et_pb_old_content":"","_et_gb_content_width":"","footnotes":""},"class_list":["post-162","page","type-page","status-publish","hentry"],"_links":{"self":[{"href":"https:\/\/www.lesgrignnotes.be\/index.php\/wp-json\/wp\/v2\/pages\/162","targetHints":{"allow":["GET"]}}],"collection":[{"href":"https:\/\/www.lesgrignnotes.be\/index.php\/wp-json\/wp\/v2\/pages"}],"about":[{"href":"https:\/\/www.lesgrignnotes.be\/index.php\/wp-json\/wp\/v2\/types\/page"}],"author":[{"embeddable":true,"href":"https:\/\/www.lesgrignnotes.be\/index.php\/wp-json\/wp\/v2\/users\/3"}],"replies":[{"embeddable":true,"href":"https:\/\/www.lesgrignnotes.be\/index.php\/wp-json\/wp\/v2\/comments?post=162"}],"version-history":[{"count":34,"href":"https:\/\/www.lesgrignnotes.be\/index.php\/wp-json\/wp\/v2\/pages\/162\/revisions"}],"predecessor-version":[{"id":613,"href":"https:\/\/www.lesgrignnotes.be\/index.php\/wp-json\/wp\/v2\/pages\/162\/revisions\/613"}],"wp:attachment":[{"href":"https:\/\/www.lesgrignnotes.be\/index.php\/wp-json\/wp\/v2\/media?parent=162"}],"curies":[{"name":"wp","href":"https:\/\/api.w.org\/{rel}","templated":true}]}}