{"id":150,"date":"2024-08-09T10:17:12","date_gmt":"2024-08-09T10:17:12","guid":{"rendered":"https:\/\/www.lesgrignnotes.be\/?page_id=150"},"modified":"2025-12-06T06:41:29","modified_gmt":"2025-12-06T06:41:29","slug":"photos-des-concerts","status":"publish","type":"page","link":"https:\/\/www.lesgrignnotes.be\/index.php\/photos-des-concerts\/","title":{"rendered":"Photos des concerts"},"content":{"rendered":"<p>[et_pb_section fb_built=\u00a0\u00bb1&Prime; admin_label=\u00a0\u00bbsection\u00a0\u00bb _builder_version=\u00a0\u00bb4.27.0&Prime; background_image=\u00a0\u00bbhttps:\/\/www.lesgrignnotes.be\/wp-content\/uploads\/2024\/08\/arriere-plan.jpg\u00a0\u00bb global_colors_info=\u00a0\u00bb{}\u00a0\u00bb][et_pb_row admin_label=\u00a0\u00bbrow\u00a0\u00bb _builder_version=\u00a0\u00bb4.16&Prime; background_size=\u00a0\u00bbinitial\u00a0\u00bb background_position=\u00a0\u00bbtop_left\u00a0\u00bb background_repeat=\u00a0\u00bbrepeat\u00a0\u00bb global_colors_info=\u00a0\u00bb{}\u00a0\u00bb][et_pb_column type=\u00a0\u00bb4_4&Prime; _builder_version=\u00a0\u00bb4.16&Prime; custom_padding=\u00a0\u00bb|||\u00a0\u00bb global_colors_info=\u00a0\u00bb{}\u00a0\u00bb custom_padding__hover=\u00a0\u00bb|||\u00a0\u00bb][et_pb_post_title meta=\u00a0\u00bboff\u00a0\u00bb featured_image=\u00a0\u00bboff\u00a0\u00bb _builder_version=\u00a0\u00bb4.27.0&Prime; _module_preset=\u00a0\u00bbdefault\u00a0\u00bb title_font=\u00a0\u00bb|700|||||||\u00a0\u00bb global_colors_info=\u00a0\u00bb{}\u00a0\u00bb][\/et_pb_post_title][et_pb_tabs _builder_version=\u00a0\u00bb4.27.5&Prime; _module_preset=\u00a0\u00bbdefault\u00a0\u00bb hover_enabled=\u00a0\u00bb0&Prime; border_radii=\u00a0\u00bbon|10px|10px|10px|10px\u00a0\u00bb border_width_all=\u00a0\u00bb2px\u00a0\u00bb border_color_all=\u00a0\u00bb#a05500&Prime; box_shadow_style=\u00a0\u00bbpreset4&Prime; global_colors_info=\u00a0\u00bb{}\u00a0\u00bb sticky_enabled=\u00a0\u00bb0&Prime;][et_pb_tab title=\u00a0\u00bbLucy \u00e0 The Voice Kids 2025&Prime; _builder_version=\u00a0\u00bb4.27.5&Prime; _module_preset=\u00a0\u00bbdefault\u00a0\u00bb hover_enabled=\u00a0\u00bb0&Prime; global_colors_info=\u00a0\u00bb{}\u00a0\u00bb sticky_enabled=\u00a0\u00bb0&Prime;]<\/p>\n<p><span>Mentions: \u00ab Cr\u00e9dits : @thevoicebe &#8211; @RTBF &#8211; @VLADVDK \u00ab\u00a0<\/span><\/p>\n<p><em>\u00ab\u00a0Un petit r\u00e9capitulatif en image d\u2019une aventure qui se termine sous le signe de l\u2019\u00e9motion, du partage et de la reconnaissance.<\/em><\/p>\n<div dir=\"auto\"><em>Encore merci \u00e0 tous d\u2019avoir \u00e9t\u00e9 avec nous.<\/em><span class=\"html-span xexx8yu xyri2b x18d9i69 x1c1uobl x1hl2dhg x16tdsg8 x1vvkbs x3nfvp2 x1j61x8r x1fcty0u xdj266r xat24cr xm2jcoa x1mpyi22 xxymvpz xlup9mm x1kky2od\"><em><img loading=\"lazy\" decoding=\"async\" height=\"16\" width=\"16\" class=\"xz74otr x15mokao x1ga7v0g x16uus16 xbiv7yw\" alt=\"\ud83e\udd70\" referrerpolicy=\"origin-when-cross-origin\" src=\"https:\/\/static.xx.fbcdn.net\/images\/emoji.php\/v9\/tea\/1\/16\/1f970.png\" \/> \u00ab\u00a0<\/em> &#8211; Sa maman<\/span><\/div>\n<p>\u00ab\u00a0<img loading=\"lazy\" decoding=\"async\" src=\"https:\/\/www.lesgrignnotes.be\/wp-content\/uploads\/2025\/12\/592897337_1417162873278349_6614451165024669337_n-200x300.jpg\" width=\"200\" height=\"300\" alt=\"\" class=\"wp-image-688 alignnone size-medium\" \/> <img loading=\"lazy\" decoding=\"async\" src=\"https:\/\/www.lesgrignnotes.be\/wp-content\/uploads\/2025\/12\/592954282_1417162813278355_355010575998887590_n-200x300.jpg\" width=\"200\" height=\"300\" alt=\"\" class=\"wp-image-689 alignnone size-medium\" \/> <img loading=\"lazy\" decoding=\"async\" src=\"https:\/\/www.lesgrignnotes.be\/wp-content\/uploads\/2025\/12\/591735722_1417162766611693_3075838617394749180_n-300x200.jpg\" width=\"300\" height=\"200\" alt=\"\" class=\"wp-image-690 alignnone size-medium\" \/> <img loading=\"lazy\" decoding=\"async\" src=\"https:\/\/www.lesgrignnotes.be\/wp-content\/uploads\/2025\/12\/591738641_1417162723278364_6608435147793831241_n-300x200.jpg\" width=\"300\" height=\"200\" alt=\"\" class=\"wp-image-691 alignnone size-medium\" \/> <img loading=\"lazy\" decoding=\"async\" src=\"https:\/\/www.lesgrignnotes.be\/wp-content\/uploads\/2025\/12\/594585367_1417162676611702_8603373518149193759_n-200x300.jpg\" width=\"200\" height=\"300\" alt=\"\" class=\"wp-image-692 alignnone size-medium\" \/> \u00a0<img loading=\"lazy\" decoding=\"async\" src=\"https:\/\/www.lesgrignnotes.be\/wp-content\/uploads\/2025\/12\/593567319_1417162563278380_6875362748420469172_n-200x300.jpg\" width=\"200\" height=\"300\" alt=\"\" class=\"wp-image-694 alignnone size-medium\" \/> <img loading=\"lazy\" decoding=\"async\" src=\"https:\/\/www.lesgrignnotes.be\/wp-content\/uploads\/2025\/12\/594991188_1417162486611721_8093515759955756818_n-300x200.jpg\" width=\"300\" height=\"200\" alt=\"\" class=\"wp-image-695 alignnone size-medium\" \/> <img loading=\"lazy\" decoding=\"async\" src=\"https:\/\/www.lesgrignnotes.be\/wp-content\/uploads\/2025\/12\/594144914_1417162423278394_3707994505747044096_n-300x200.jpg\" width=\"300\" height=\"200\" alt=\"\" class=\"wp-image-696 alignnone size-medium\" \/> <img loading=\"lazy\" decoding=\"async\" src=\"https:\/\/www.lesgrignnotes.be\/wp-content\/uploads\/2025\/12\/591883174_1417162339945069_6442315796920149300_n-300x200.jpg\" width=\"300\" height=\"200\" alt=\"\" class=\"wp-image-697 alignnone size-medium\" \/> <img loading=\"lazy\" decoding=\"async\" src=\"https:\/\/www.lesgrignnotes.be\/wp-content\/uploads\/2025\/12\/591901149_1417162286611741_1438256581361004811_n-300x200.jpg\" width=\"300\" height=\"200\" alt=\"\" class=\"wp-image-698 alignnone size-medium\" \/> <img loading=\"lazy\" decoding=\"async\" src=\"https:\/\/www.lesgrignnotes.be\/wp-content\/uploads\/2025\/12\/594784232_1417162233278413_8753039375406747412_n-200x300.jpg\" width=\"200\" height=\"300\" alt=\"\" class=\"wp-image-699 alignnone size-medium\" \/> \u00a0<img loading=\"lazy\" decoding=\"async\" src=\"https:\/\/www.lesgrignnotes.be\/wp-content\/uploads\/2025\/12\/592954290_1417162066611763_3263383742217762400_n-300x135.jpg\" width=\"300\" height=\"135\" alt=\"\" class=\"wp-image-701 alignnone size-medium\" \/> <img loading=\"lazy\" decoding=\"async\" src=\"https:\/\/www.lesgrignnotes.be\/wp-content\/uploads\/2025\/12\/591715006_1417162036611766_6108391249030944750_n-134x300.jpg\" width=\"134\" height=\"300\" alt=\"\" class=\"wp-image-702 alignnone size-medium\" \/> <img loading=\"lazy\" decoding=\"async\" src=\"https:\/\/www.lesgrignnotes.be\/wp-content\/uploads\/2025\/12\/593725520_1417162003278436_6709623955164393410_n-134x300.jpg\" width=\"134\" height=\"300\" alt=\"\" class=\"wp-image-703 alignnone size-medium\" \/> <img loading=\"lazy\" decoding=\"async\" src=\"https:\/\/www.lesgrignnotes.be\/wp-content\/uploads\/2025\/12\/591845483_1417161953278441_1628140022166649631_n-139x300.jpg\" width=\"139\" height=\"300\" alt=\"\" class=\"wp-image-704 alignnone size-medium\" \/> <img loading=\"lazy\" decoding=\"async\" src=\"https:\/\/www.lesgrignnotes.be\/wp-content\/uploads\/2025\/12\/595238746_1417161906611779_5718208996784584377_n-134x300.jpg\" width=\"134\" height=\"300\" alt=\"\" class=\"wp-image-705 alignnone size-medium\" \/><\/p>\n<p>[\/et_pb_tab][et_pb_tab title=\u00a0\u00bbConcert annuel du 18\/5\/2025&Prime; _builder_version=\u00a0\u00bb4.27.4&Prime; _module_preset=\u00a0\u00bbdefault\u00a0\u00bb global_colors_info=\u00a0\u00bb{}\u00a0\u00bb]<\/p>\n<p><img loading=\"lazy\" decoding=\"async\" src=\"https:\/\/www.lesgrignnotes.be\/wp-content\/uploads\/2025\/06\/classe-de-chant-300x170.jpg\" width=\"300\" height=\"170\" alt=\"\" class=\"wp-image-548 alignnone size-medium\" \/> <img loading=\"lazy\" decoding=\"async\" src=\"https:\/\/www.lesgrignnotes.be\/wp-content\/uploads\/2025\/06\/ok-angelo-raimondi-et-lorraine-bodeux-300x169.jpg\" width=\"300\" height=\"169\" alt=\"\" class=\"wp-image-549 alignnone size-medium\" \/> <img loading=\"lazy\" decoding=\"async\" src=\"https:\/\/www.lesgrignnotes.be\/wp-content\/uploads\/2025\/06\/ok-Anna-Vydt-300x169.jpg\" width=\"300\" height=\"169\" alt=\"\" class=\"wp-image-550 alignnone size-medium\" \/> <img loading=\"lazy\" decoding=\"async\" src=\"https:\/\/www.lesgrignnotes.be\/wp-content\/uploads\/2025\/06\/ok-classe-de-guitare-300x156.jpg\" width=\"300\" height=\"156\" alt=\"\" class=\"wp-image-551 alignnone size-medium\" \/> <img loading=\"lazy\" decoding=\"async\" src=\"https:\/\/www.lesgrignnotes.be\/wp-content\/uploads\/2025\/06\/ok-classe-de-guitare1-300x169.jpg\" width=\"300\" height=\"169\" alt=\"\" class=\"wp-image-552 alignnone size-medium\" \/> <img loading=\"lazy\" decoding=\"async\" src=\"https:\/\/www.lesgrignnotes.be\/wp-content\/uploads\/2025\/06\/ok-classe-violon-300x151.jpg\" width=\"300\" height=\"151\" alt=\"\" class=\"wp-image-553 alignnone size-medium\" \/> <img loading=\"lazy\" decoding=\"async\" src=\"https:\/\/www.lesgrignnotes.be\/wp-content\/uploads\/2025\/06\/ok-dujardin-lucie-et-zelie-girs-300x169.jpg\" width=\"300\" height=\"169\" alt=\"\" class=\"wp-image-554 alignnone size-medium\" \/> <img loading=\"lazy\" decoding=\"async\" src=\"https:\/\/www.lesgrignnotes.be\/wp-content\/uploads\/2025\/06\/ok-gladys-felten-300x169.jpg\" width=\"300\" height=\"169\" alt=\"\" class=\"wp-image-555 alignnone size-medium\" \/> <img loading=\"lazy\" decoding=\"async\" src=\"https:\/\/www.lesgrignnotes.be\/wp-content\/uploads\/2025\/06\/ok-jade-leroux-et-denis-gabriel-300x169.jpg\" width=\"300\" height=\"169\" alt=\"\" class=\"wp-image-556 alignnone size-medium\" \/> <img loading=\"lazy\" decoding=\"async\" src=\"https:\/\/www.lesgrignnotes.be\/wp-content\/uploads\/2025\/06\/ok-jazz-schockaert-duprel-300x190.jpg\" width=\"300\" height=\"190\" alt=\"\" class=\"wp-image-557 alignnone size-medium\" \/> <img loading=\"lazy\" decoding=\"async\" src=\"https:\/\/www.lesgrignnotes.be\/wp-content\/uploads\/2025\/06\/ok-lorraine-bodeux-300x169.jpg\" width=\"300\" height=\"169\" alt=\"\" class=\"wp-image-558 alignnone size-medium\" \/> <img loading=\"lazy\" decoding=\"async\" src=\"https:\/\/www.lesgrignnotes.be\/wp-content\/uploads\/2025\/06\/ok-luc-dethier-et-simon-de-marneffe-300x169.jpg\" width=\"300\" height=\"169\" alt=\"\" class=\"wp-image-559 alignnone size-medium\" \/> <img loading=\"lazy\" decoding=\"async\" src=\"https:\/\/www.lesgrignnotes.be\/wp-content\/uploads\/2025\/06\/ok-lucie-kaiser-et-stefany-londono-300x182.jpg\" width=\"300\" height=\"182\" alt=\"\" class=\"wp-image-560 alignnone size-medium\" \/> <img loading=\"lazy\" decoding=\"async\" src=\"https:\/\/www.lesgrignnotes.be\/wp-content\/uploads\/2025\/06\/ok-rose-marechal-300x169.jpg\" width=\"300\" height=\"169\" alt=\"\" class=\"wp-image-561 alignnone size-medium\" \/> <img loading=\"lazy\" decoding=\"async\" src=\"https:\/\/www.lesgrignnotes.be\/wp-content\/uploads\/2025\/06\/ok-Schmitz-romane-et-classe-violon-300x169.jpg\" width=\"300\" height=\"169\" alt=\"\" class=\"wp-image-562 alignnone size-medium\" \/> <img loading=\"lazy\" decoding=\"async\" src=\"https:\/\/www.lesgrignnotes.be\/wp-content\/uploads\/2025\/06\/ok-windey-lucie-300x169.jpg\" width=\"300\" height=\"169\" alt=\"\" class=\"wp-image-563 alignnone size-medium\" \/> <img loading=\"lazy\" decoding=\"async\" src=\"https:\/\/www.lesgrignnotes.be\/wp-content\/uploads\/2025\/06\/ok-300x214.jpg\" width=\"300\" height=\"214\" alt=\"\" class=\"wp-image-564 alignnone size-medium\" \/> <img loading=\"lazy\" decoding=\"async\" src=\"https:\/\/www.lesgrignnotes.be\/wp-content\/uploads\/2025\/06\/ok1-300x196.jpg\" width=\"300\" height=\"196\" alt=\"\" class=\"wp-image-565 alignnone size-medium\" \/><img loading=\"lazy\" decoding=\"async\" src=\"https:\/\/www.lesgrignnotes.be\/wp-content\/uploads\/2025\/05\/IMG_8678-300x200.jpg\" width=\"300\" height=\"200\" alt=\"\" class=\"wp-image-481 alignnone size-medium\" \/> <img loading=\"lazy\" decoding=\"async\" src=\"https:\/\/www.lesgrignnotes.be\/wp-content\/uploads\/2025\/05\/IMG_8682-200x300.jpg\" width=\"200\" height=\"300\" alt=\"\" class=\"wp-image-482 alignnone size-medium\" \/> <img loading=\"lazy\" decoding=\"async\" src=\"https:\/\/www.lesgrignnotes.be\/wp-content\/uploads\/2025\/05\/IMG_8683a-300x179.jpg\" width=\"300\" height=\"179\" alt=\"\" class=\"wp-image-483 alignnone size-medium\" \/> <img loading=\"lazy\" decoding=\"async\" src=\"https:\/\/www.lesgrignnotes.be\/wp-content\/uploads\/2025\/05\/IMG_8692a-300x151.jpg\" width=\"300\" height=\"151\" alt=\"\" class=\"wp-image-484 alignnone size-medium\" \/> <img loading=\"lazy\" decoding=\"async\" src=\"https:\/\/www.lesgrignnotes.be\/wp-content\/uploads\/2025\/05\/IMG_8698-300x200.jpg\" width=\"300\" height=\"200\" alt=\"\" class=\"wp-image-485 alignnone size-medium\" \/> <img loading=\"lazy\" decoding=\"async\" src=\"https:\/\/www.lesgrignnotes.be\/wp-content\/uploads\/2025\/05\/IMG_8704a-300x142.jpg\" width=\"300\" height=\"142\" alt=\"\" class=\"wp-image-486 alignnone size-medium\" \/> <img loading=\"lazy\" decoding=\"async\" src=\"https:\/\/www.lesgrignnotes.be\/wp-content\/uploads\/2025\/05\/IMG_8705-300x200.jpg\" width=\"300\" height=\"200\" alt=\"\" class=\"wp-image-487 alignnone size-medium\" \/> <img loading=\"lazy\" decoding=\"async\" src=\"https:\/\/www.lesgrignnotes.be\/wp-content\/uploads\/2025\/05\/IMG_8708-200x300.jpg\" width=\"200\" height=\"300\" alt=\"\" class=\"wp-image-488 alignnone size-medium\" \/> <img loading=\"lazy\" decoding=\"async\" src=\"https:\/\/www.lesgrignnotes.be\/wp-content\/uploads\/2025\/05\/IMG_8713-300x200.jpg\" width=\"300\" height=\"200\" alt=\"\" class=\"wp-image-489 alignnone size-medium\" \/> <img loading=\"lazy\" decoding=\"async\" src=\"https:\/\/www.lesgrignnotes.be\/wp-content\/uploads\/2025\/05\/IMG_8720-200x300.jpg\" width=\"200\" height=\"300\" alt=\"\" class=\"wp-image-490 alignnone size-medium\" \/> <img loading=\"lazy\" decoding=\"async\" src=\"https:\/\/www.lesgrignnotes.be\/wp-content\/uploads\/2025\/05\/IMG_8723-300x200.jpg\" width=\"300\" height=\"200\" alt=\"\" class=\"wp-image-491 alignnone size-medium\" \/> <img loading=\"lazy\" decoding=\"async\" src=\"https:\/\/www.lesgrignnotes.be\/wp-content\/uploads\/2025\/05\/IMG_8727a-300x135.jpg\" width=\"300\" height=\"135\" alt=\"\" class=\"wp-image-492 alignnone size-medium\" \/> <img loading=\"lazy\" decoding=\"async\" src=\"https:\/\/www.lesgrignnotes.be\/wp-content\/uploads\/2025\/05\/IMG_8730a-300x197.jpg\" width=\"300\" height=\"197\" alt=\"\" class=\"wp-image-493 alignnone size-medium\" \/> <img loading=\"lazy\" decoding=\"async\" src=\"https:\/\/www.lesgrignnotes.be\/wp-content\/uploads\/2025\/05\/IMG_8738-300x200.jpg\" width=\"300\" height=\"200\" alt=\"\" class=\"wp-image-494 alignnone size-medium\" \/> <img loading=\"lazy\" decoding=\"async\" src=\"https:\/\/www.lesgrignnotes.be\/wp-content\/uploads\/2025\/05\/IMG_8744a-300x184.jpg\" width=\"300\" height=\"184\" alt=\"\" class=\"wp-image-495 alignnone size-medium\" \/> <img loading=\"lazy\" decoding=\"async\" src=\"https:\/\/www.lesgrignnotes.be\/wp-content\/uploads\/2025\/05\/IMG_8746a-300x243.jpg\" width=\"300\" height=\"243\" alt=\"\" class=\"wp-image-496 alignnone size-medium\" \/> <img loading=\"lazy\" decoding=\"async\" src=\"https:\/\/www.lesgrignnotes.be\/wp-content\/uploads\/2025\/05\/IMG_8748-300x200.jpg\" width=\"300\" height=\"200\" alt=\"\" class=\"wp-image-497 alignnone size-medium\" \/> <img loading=\"lazy\" decoding=\"async\" src=\"https:\/\/www.lesgrignnotes.be\/wp-content\/uploads\/2025\/05\/IMG_8774-300x200.jpg\" width=\"300\" height=\"200\" alt=\"\" class=\"wp-image-498 alignnone size-medium\" \/> <img loading=\"lazy\" decoding=\"async\" src=\"https:\/\/www.lesgrignnotes.be\/wp-content\/uploads\/2025\/05\/IMG_8783a-205x300.jpg\" width=\"205\" height=\"300\" alt=\"\" class=\"wp-image-499 alignnone size-medium\" \/> <img loading=\"lazy\" decoding=\"async\" src=\"https:\/\/www.lesgrignnotes.be\/wp-content\/uploads\/2025\/05\/IMG_8787a-300x148.jpg\" width=\"300\" height=\"148\" alt=\"\" class=\"wp-image-500 alignnone size-medium\" \/> <img loading=\"lazy\" decoding=\"async\" src=\"https:\/\/www.lesgrignnotes.be\/wp-content\/uploads\/2025\/05\/IMG_8792-300x200.jpg\" width=\"300\" height=\"200\" alt=\"\" class=\"wp-image-501 alignnone size-medium\" \/> <img loading=\"lazy\" decoding=\"async\" src=\"https:\/\/www.lesgrignnotes.be\/wp-content\/uploads\/2025\/05\/IMG_8801-200x300.jpg\" width=\"200\" height=\"300\" alt=\"\" class=\"wp-image-502 alignnone size-medium\" \/> <img loading=\"lazy\" decoding=\"async\" src=\"https:\/\/www.lesgrignnotes.be\/wp-content\/uploads\/2025\/05\/IMG_8811a-300x193.jpg\" width=\"300\" height=\"193\" alt=\"\" class=\"wp-image-503 alignnone size-medium\" \/> <img loading=\"lazy\" decoding=\"async\" src=\"https:\/\/www.lesgrignnotes.be\/wp-content\/uploads\/2025\/05\/IMG_8812-300x200.jpg\" width=\"300\" height=\"200\" alt=\"\" class=\"wp-image-504 alignnone size-medium\" \/> <img loading=\"lazy\" decoding=\"async\" src=\"https:\/\/www.lesgrignnotes.be\/wp-content\/uploads\/2025\/05\/IMG_8813-300x200.jpg\" width=\"300\" height=\"200\" alt=\"\" class=\"wp-image-505 alignnone size-medium\" \/> <img loading=\"lazy\" decoding=\"async\" src=\"https:\/\/www.lesgrignnotes.be\/wp-content\/uploads\/2025\/05\/IMG_8818a-300x200.jpg\" width=\"300\" height=\"200\" alt=\"\" class=\"wp-image-506 alignnone size-medium\" \/><\/p>\n<p>[\/et_pb_tab][et_pb_tab title=\u00a0\u00bbAudition du 23\/3\/2025&Prime; _builder_version=\u00a0\u00bb4.27.4&Prime; _module_preset=\u00a0\u00bbdefault\u00a0\u00bb global_colors_info=\u00a0\u00bb{}\u00a0\u00bb]<\/p>\n<p><img loading=\"lazy\" decoding=\"async\" src=\"https:\/\/www.lesgrignnotes.be\/wp-content\/uploads\/2025\/04\/RedPXL_20250323_134723673-002-270x300.jpg\" width=\"270\" height=\"300\" alt=\"\" class=\"wp-image-461 alignnone size-medium\" \/><\/p>\n<p>A l&rsquo;\u00e9cole&#8230;<\/p>\n<p>[\/et_pb_tab][\/et_pb_tabs][et_pb_tabs _builder_version=\u00a0\u00bb4.27.4&Prime; _module_preset=\u00a0\u00bbdefault\u00a0\u00bb border_radii=\u00a0\u00bbon|10px|10px|10px|10px\u00a0\u00bb border_width_all=\u00a0\u00bb2px\u00a0\u00bb border_color_all=\u00a0\u00bb#a05500&Prime; box_shadow_style=\u00a0\u00bbpreset4&Prime; box_shadow_color=\u00a0\u00bb#8c8c8c\u00a0\u00bb global_colors_info=\u00a0\u00bb{}\u00a0\u00bb][et_pb_tab title=\u00a0\u00bbAudition janvier 2024&Prime; _builder_version=\u00a0\u00bb4.27.0&Prime; _module_preset=\u00a0\u00bbdefault\u00a0\u00bb tab_font=\u00a0\u00bb|600|||||||\u00a0\u00bb global_colors_info=\u00a0\u00bb{}\u00a0\u00bb]<\/p>\n<p><img loading=\"lazy\" decoding=\"async\" src=\"https:\/\/www.lesgrignnotes.be\/wp-content\/uploads\/2024\/08\/IMG_4131-300x200.jpg\" width=\"300\" height=\"200\" alt=\"\" class=\"wp-image-227 alignnone size-medium\" \/> <img loading=\"lazy\" decoding=\"async\" src=\"https:\/\/www.lesgrignnotes.be\/wp-content\/uploads\/2024\/08\/SIMG_4199-300x200.jpg\" width=\"300\" height=\"200\" alt=\"\" class=\"wp-image-225 alignnone size-medium\" \/> <img loading=\"lazy\" decoding=\"async\" src=\"https:\/\/www.lesgrignnotes.be\/wp-content\/uploads\/2024\/08\/SIMG_4166-300x200.jpg\" width=\"300\" height=\"200\" alt=\"\" class=\"wp-image-224 alignnone size-medium\" \/> <img loading=\"lazy\" decoding=\"async\" src=\"https:\/\/www.lesgrignnotes.be\/wp-content\/uploads\/2024\/08\/SIMG_4148-300x200.jpg\" width=\"300\" height=\"200\" alt=\"\" class=\"wp-image-223 alignnone size-medium\" \/> <img loading=\"lazy\" decoding=\"async\" src=\"https:\/\/www.lesgrignnotes.be\/wp-content\/uploads\/2024\/08\/SIMG_4144-300x200.jpg\" width=\"300\" height=\"200\" alt=\"\" class=\"wp-image-221 alignnone size-medium\" \/><\/p>\n<p>Eglise d&rsquo;Arbrefontaine (Lierneux)<\/p>\n<p>[\/et_pb_tab][et_pb_tab title=\u00a0\u00bbAudition f\u00e9vrier 2024&Prime; _builder_version=\u00a0\u00bb4.27.0&Prime; _module_preset=\u00a0\u00bbdefault\u00a0\u00bb tab_font=\u00a0\u00bb|600|||||||\u00a0\u00bb global_colors_info=\u00a0\u00bb{}\u00a0\u00bb]<\/p>\n<p><img loading=\"lazy\" decoding=\"async\" src=\"https:\/\/www.lesgrignnotes.be\/wp-content\/uploads\/2024\/08\/IMG_4219-300x200.jpg\" width=\"300\" height=\"200\" alt=\"\" class=\"wp-image-229 alignnone size-medium\" \/> <img loading=\"lazy\" decoding=\"async\" src=\"https:\/\/www.lesgrignnotes.be\/wp-content\/uploads\/2024\/08\/IMG_4220-300x200.jpg\" width=\"300\" height=\"200\" alt=\"\" class=\"wp-image-230 alignnone size-medium\" \/> <img loading=\"lazy\" decoding=\"async\" src=\"https:\/\/www.lesgrignnotes.be\/wp-content\/uploads\/2024\/08\/IMG_4236-200x300.jpg\" width=\"200\" height=\"300\" alt=\"\" class=\"wp-image-231 alignnone size-medium\" \/> <img loading=\"lazy\" decoding=\"async\" src=\"https:\/\/www.lesgrignnotes.be\/wp-content\/uploads\/2024\/08\/IMG_4241-300x200.jpg\" width=\"300\" height=\"200\" alt=\"\" class=\"wp-image-232 alignnone size-medium\" \/> <img loading=\"lazy\" decoding=\"async\" src=\"https:\/\/www.lesgrignnotes.be\/wp-content\/uploads\/2024\/08\/IMG_4246-300x200.jpg\" width=\"300\" height=\"200\" alt=\"\" class=\"wp-image-233 alignnone size-medium\" \/> <img loading=\"lazy\" decoding=\"async\" src=\"https:\/\/www.lesgrignnotes.be\/wp-content\/uploads\/2024\/08\/IMG_4272-300x200.jpg\" width=\"300\" height=\"200\" alt=\"\" class=\"wp-image-234 alignnone size-medium\" \/> <img loading=\"lazy\" decoding=\"async\" src=\"https:\/\/www.lesgrignnotes.be\/wp-content\/uploads\/2024\/08\/IMG_4275-300x200.jpg\" width=\"300\" height=\"200\" alt=\"\" class=\"wp-image-235 alignnone size-medium\" \/><\/p>\n<p>&nbsp;<\/p>\n<p>Audition \u00e0 l&rsquo;\u00e9glise de Trou de Bra (Lierneux)<\/p>\n<p>[\/et_pb_tab][et_pb_tab title=\u00a0\u00bbAudition mars 2024&Prime; _builder_version=\u00a0\u00bb4.27.0&Prime; _module_preset=\u00a0\u00bbdefault\u00a0\u00bb tab_font=\u00a0\u00bb|600|||||||\u00a0\u00bb global_colors_info=\u00a0\u00bb{}\u00a0\u00bb]<\/p>\n<p><img loading=\"lazy\" decoding=\"async\" src=\"https:\/\/www.lesgrignnotes.be\/wp-content\/uploads\/2024\/08\/IMG_4732-300x200.jpg\" width=\"300\" height=\"200\" alt=\"\" class=\"wp-image-239 alignnone size-medium\" \/> <img loading=\"lazy\" decoding=\"async\" src=\"https:\/\/www.lesgrignnotes.be\/wp-content\/uploads\/2024\/08\/IMG_4735-300x200.jpg\" width=\"300\" height=\"200\" alt=\"\" class=\"wp-image-240 alignnone size-medium\" \/> <img loading=\"lazy\" decoding=\"async\" src=\"https:\/\/www.lesgrignnotes.be\/wp-content\/uploads\/2024\/08\/IMG_4739-300x200.jpg\" width=\"300\" height=\"200\" alt=\"\" class=\"wp-image-241 alignnone size-medium\" \/> <img loading=\"lazy\" decoding=\"async\" src=\"https:\/\/www.lesgrignnotes.be\/wp-content\/uploads\/2024\/08\/IMG_4746-300x200.jpg\" width=\"300\" height=\"200\" alt=\"\" class=\"wp-image-242 alignnone size-medium\" \/> <img loading=\"lazy\" decoding=\"async\" src=\"https:\/\/www.lesgrignnotes.be\/wp-content\/uploads\/2024\/08\/IMG_4756-300x200.jpg\" width=\"300\" height=\"200\" alt=\"\" class=\"wp-image-243 alignnone size-medium\" \/> <img loading=\"lazy\" decoding=\"async\" src=\"https:\/\/www.lesgrignnotes.be\/wp-content\/uploads\/2024\/08\/IMG_4757-300x200.jpg\" width=\"300\" height=\"200\" alt=\"\" class=\"wp-image-244 alignnone size-medium\" \/> <img loading=\"lazy\" decoding=\"async\" src=\"https:\/\/www.lesgrignnotes.be\/wp-content\/uploads\/2024\/08\/IMG_4758-300x200.jpg\" width=\"300\" height=\"200\" alt=\"\" class=\"wp-image-245 alignnone size-medium\" \/> <img loading=\"lazy\" decoding=\"async\" src=\"https:\/\/www.lesgrignnotes.be\/wp-content\/uploads\/2024\/08\/IMG_4762-300x200.jpg\" width=\"300\" height=\"200\" alt=\"\" class=\"wp-image-246 alignnone size-medium\" \/> <img loading=\"lazy\" decoding=\"async\" src=\"https:\/\/www.lesgrignnotes.be\/wp-content\/uploads\/2024\/08\/IMG_4770-300x200.jpg\" width=\"300\" height=\"200\" alt=\"\" class=\"wp-image-247 alignnone size-medium\" \/> <img loading=\"lazy\" decoding=\"async\" src=\"https:\/\/www.lesgrignnotes.be\/wp-content\/uploads\/2024\/08\/IMG_4783-300x200.jpg\" width=\"300\" height=\"200\" alt=\"\" class=\"wp-image-248 alignnone size-medium\" \/><\/p>\n<p>Audition \u00e0 la chapelle de Verleumont (Lierneux)<\/p>\n<p>[\/et_pb_tab][et_pb_tab title=\u00a0\u00bbGrand concert annuel juin 2024&Prime; _builder_version=\u00a0\u00bb4.27.0&Prime; _module_preset=\u00a0\u00bbdefault\u00a0\u00bb tab_font=\u00a0\u00bb|600|||||||\u00a0\u00bb global_colors_info=\u00a0\u00bb{}\u00a0\u00bb]<\/p>\n<p><img loading=\"lazy\" decoding=\"async\" src=\"https:\/\/www.lesgrignnotes.be\/wp-content\/uploads\/2024\/08\/20240630_153018-300x135.jpg\" width=\"300\" height=\"135\" alt=\"\" class=\"wp-image-250 alignnone size-medium\" \/> <img loading=\"lazy\" decoding=\"async\" src=\"https:\/\/www.lesgrignnotes.be\/wp-content\/uploads\/2024\/08\/20240630_154126-300x215.jpg\" width=\"300\" height=\"215\" alt=\"\" class=\"wp-image-251 alignnone size-medium\" \/> <img loading=\"lazy\" decoding=\"async\" src=\"https:\/\/www.lesgrignnotes.be\/wp-content\/uploads\/2024\/08\/20240630_173122-135x300.jpg\" width=\"135\" height=\"300\" alt=\"\" class=\"wp-image-252 alignnone size-medium\" \/> <img loading=\"lazy\" decoding=\"async\" src=\"https:\/\/www.lesgrignnotes.be\/wp-content\/uploads\/2024\/08\/20240630_173152-300x203.jpg\" width=\"300\" height=\"203\" alt=\"\" class=\"wp-image-253 alignnone size-medium\" \/> <img loading=\"lazy\" decoding=\"async\" src=\"https:\/\/www.lesgrignnotes.be\/wp-content\/uploads\/2024\/08\/20240630_173601-300x209.jpg\" width=\"300\" height=\"209\" alt=\"\" class=\"wp-image-254 alignnone size-medium\" \/> <img loading=\"lazy\" decoding=\"async\" src=\"https:\/\/www.lesgrignnotes.be\/wp-content\/uploads\/2024\/08\/20240630_204645-300x135.jpg\" width=\"300\" height=\"135\" alt=\"\" class=\"wp-image-255 alignnone size-medium\" \/><\/p>\n<p>Vicinal (Lierneux)\u00a0<\/p>\n<p>[\/et_pb_tab][\/et_pb_tabs][\/et_pb_column][\/et_pb_row][\/et_pb_section]<\/p>\n","protected":false},"excerpt":{"rendered":"<p>Mentions: \u00ab Cr\u00e9dits : @thevoicebe &#8211; @RTBF &#8211; @VLADVDK \u00a0\u00bb \u00ab\u00a0Un petit r\u00e9capitulatif en image d\u2019une aventure qui se termine sous le signe de l\u2019\u00e9motion, du partage et de la reconnaissance. Encore merci \u00e0 tous d\u2019avoir \u00e9t\u00e9 avec nous. \u00a0\u00bb &#8211; Sa maman \u00a0\u00bb \u00a0 \u00a0 A l&rsquo;\u00e9cole&#8230; Eglise d&rsquo;Arbrefontaine (Lierneux) &nbsp; Audition \u00e0 l&rsquo;\u00e9glise [&hellip;]<\/p>\n","protected":false},"author":3,"featured_media":0,"parent":0,"menu_order":0,"comment_status":"closed","ping_status":"closed","template":"","meta":{"_et_pb_use_builder":"on","_et_pb_old_content":"","_et_gb_content_width":"","footnotes":""},"class_list":["post-150","page","type-page","status-publish","hentry"],"_links":{"self":[{"href":"https:\/\/www.lesgrignnotes.be\/index.php\/wp-json\/wp\/v2\/pages\/150","targetHints":{"allow":["GET"]}}],"collection":[{"href":"https:\/\/www.lesgrignnotes.be\/index.php\/wp-json\/wp\/v2\/pages"}],"about":[{"href":"https:\/\/www.lesgrignnotes.be\/index.php\/wp-json\/wp\/v2\/types\/page"}],"author":[{"embeddable":true,"href":"https:\/\/www.lesgrignnotes.be\/index.php\/wp-json\/wp\/v2\/users\/3"}],"replies":[{"embeddable":true,"href":"https:\/\/www.lesgrignnotes.be\/index.php\/wp-json\/wp\/v2\/comments?post=150"}],"version-history":[{"count":18,"href":"https:\/\/www.lesgrignnotes.be\/index.php\/wp-json\/wp\/v2\/pages\/150\/revisions"}],"predecessor-version":[{"id":709,"href":"https:\/\/www.lesgrignnotes.be\/index.php\/wp-json\/wp\/v2\/pages\/150\/revisions\/709"}],"wp:attachment":[{"href":"https:\/\/www.lesgrignnotes.be\/index.php\/wp-json\/wp\/v2\/media?parent=150"}],"curies":[{"name":"wp","href":"https:\/\/api.w.org\/{rel}","templated":true}]}}